{"id":319943,"date":"2024-12-04T12:47:42","date_gmt":"2024-12-04T11:56:32","guid":{"rendered":"https:\/\/nortvi.com\/?post_type=product&#038;p=319943"},"modified":"2024-12-04T12:59:14","modified_gmt":"2024-12-04T11:59:14","slug":"skin-care-travel-kit","status":"publish","type":"product","link":"https:\/\/nortvi.com\/de\/produkt\/skin-care-travel-kit\/","title":{"rendered":"Skin Care Travel Kit"},"content":{"rendered":"\n<p><span style=\"font-weight: 400;\">Sparen und erleben Sie unser exklusives Skin Care Travel Kit und reisen Sie mit gepflegter Haut. Der Kulturbeutel besteht aus hochwertigen Materialien und ist sowohl stilvoll als auch nachhaltig. Die robuste Konstruktion sorgt daf\u00fcr, dass alle Ihre Gegenst\u00e4nde sicher sind. Das Skin Care Travel Kit enth\u00e4lt drei verschiedene Prescription\u00ae-Produkte, die sich in der Anwendung perfekt erg\u00e4nzen. Auch als Geschenk f\u00fcr Sie oder Ihn geeignet.<\/span><\/p>\n","protected":false},"excerpt":{"rendered":"<p><span style=\"font-weight: 400;\">Sparen und erleben Sie unser exklusives Skin Care Travel Kit und reisen Sie mit gepflegter Haut. Der Kulturbeutel besteht aus hochwertigen Materialien und ist sowohl stilvoll als auch nachhaltig. Die robuste Konstruktion sorgt daf\u00fcr, dass alle Ihre Gegenst\u00e4nde sicher sind. Das Skin Care Travel Kit enth\u00e4lt drei verschiedene Prescription\u00ae-Produkte, die sich in der Anwendung perfekt erg\u00e4nzen. Auch als Geschenk f\u00fcr Sie oder Ihn geeignet.<\/span><\/p>\n","protected":false},"featured_media":319936,"template":"","meta":{"_acf_changed":true,"footnotes":""},"product_brand":[],"product_cat":[341,143],"product_tag":[],"class_list":{"0":"post-319943","1":"product","2":"type-product","3":"status-publish","4":"has-post-thumbnail","6":"product_cat-travel-kit-de","7":"product_cat-accessoires","9":"first","10":"instock","11":"taxable","12":"shipping-taxable","13":"purchasable","14":"product-type-simple"},"composite_virtual":false,"composite_layout":"","composite_add_to_cart_form_location":"","composite_editable_in_cart":false,"composite_sold_individually_context":"","composite_shop_price_calc":"","composite_components":[],"composite_scenarios":[],"acf":[],"yoast_head":"<!-- This site is optimized with the Yoast SEO Premium plugin v27.1 (Yoast SEO v27.3) - https:\/\/yoast.com\/product\/yoast-seo-premium-wordpress\/ -->\n<title>Hautpflege Reise-Set | Perfekte Pflege f\u00fcr unterwegs<\/title>\n<meta name=\"description\" content=\"Unser Hautpflege Reise-Set enth\u00e4lt alles, was Sie f\u00fcr Ihre Hautpflege brauchen \u2013 kompakt, praktisch und perfekt f\u00fcr strahlende Haut auf jeder Reise.\" \/>\n<meta name=\"robots\" content=\"index, follow, max-snippet:-1, max-image-preview:large, max-video-preview:-1\" \/>\n<link rel=\"canonical\" href=\"https:\/\/nortvi.com\/de\/produkt\/skin-care-travel-kit\/\" \/>\n<meta property=\"og:locale\" content=\"de_DE\" \/>\n<meta property=\"og:type\" content=\"article\" \/>\n<meta property=\"og:title\" content=\"Skin Care Travel Kit\" \/>\n<meta property=\"og:description\" content=\"Unser Hautpflege Reise-Set enth\u00e4lt alles, was Sie f\u00fcr Ihre Hautpflege brauchen \u2013 kompakt, praktisch und perfekt f\u00fcr strahlende Haut auf jeder Reise.\" \/>\n<meta property=\"og:url\" content=\"https:\/\/nortvi.com\/de\/produkt\/skin-care-travel-kit\/\" \/>\n<meta property=\"og:site_name\" content=\"NORTVI\" \/>\n<meta property=\"article:modified_time\" content=\"2024-12-04T11:59:14+00:00\" \/>\n<meta property=\"og:image\" content=\"https:\/\/nortvi.com\/wp-content\/uploads\/2024\/12\/SkinCare-TravelKit-scaled.jpg\" \/>\n\t<meta property=\"og:image:width\" content=\"3840\" \/>\n\t<meta property=\"og:image:height\" content=\"3840\" \/>\n\t<meta property=\"og:image:type\" content=\"image\/jpeg\" \/>\n<meta name=\"twitter:card\" content=\"summary_large_image\" \/>\n<meta name=\"twitter:label1\" content=\"Preis\" \/>\n\t<meta name=\"twitter:data1\" content=\"&euro;129.00\" \/>\n\t<meta name=\"twitter:label2\" content=\"Verf\u00fcgbarkeit\" \/>\n\t<meta name=\"twitter:data2\" content=\"Auf Lager\" \/>\n<script type=\"application\/ld+json\" class=\"yoast-schema-graph\">{\"@context\":\"https:\\\/\\\/schema.org\",\"@graph\":[{\"@type\":\"WebPage\",\"@id\":\"https:\\\/\\\/nortvi.com\\\/de\\\/produkt\\\/skin-care-travel-kit\\\/\",\"url\":\"https:\\\/\\\/nortvi.com\\\/de\\\/produkt\\\/skin-care-travel-kit\\\/\",\"name\":\"Hautpflege Reise-Set | Perfekte Pflege f\u00fcr unterwegs\",\"isPartOf\":{\"@id\":\"https:\\\/\\\/nortvi.com\\\/de\\\/#website\"},\"primaryImageOfPage\":{\"@id\":\"https:\\\/\\\/nortvi.com\\\/de\\\/produkt\\\/skin-care-travel-kit\\\/#primaryimage\"},\"image\":{\"@id\":\"https:\\\/\\\/nortvi.com\\\/de\\\/produkt\\\/skin-care-travel-kit\\\/#primaryimage\"},\"thumbnailUrl\":\"https:\\\/\\\/nortvi.com\\\/wp-content\\\/uploads\\\/2024\\\/12\\\/SkinCare-TravelKit-scaled.jpg\",\"datePublished\":\"2024-12-04T11:56:32+00:00\",\"dateModified\":\"2024-12-04T11:59:14+00:00\",\"description\":\"Unser Hautpflege Reise-Set enth\u00e4lt alles, was Sie f\u00fcr Ihre Hautpflege brauchen \u2013 kompakt, praktisch und perfekt f\u00fcr strahlende Haut auf jeder Reise.\",\"breadcrumb\":{\"@id\":\"https:\\\/\\\/nortvi.com\\\/de\\\/produkt\\\/skin-care-travel-kit\\\/#breadcrumb\"},\"inLanguage\":\"de\",\"potentialAction\":[{\"@type\":\"ReadAction\",\"target\":[\"https:\\\/\\\/nortvi.com\\\/de\\\/produkt\\\/skin-care-travel-kit\\\/\"]}]},{\"@type\":\"ImageObject\",\"inLanguage\":\"de\",\"@id\":\"https:\\\/\\\/nortvi.com\\\/de\\\/produkt\\\/skin-care-travel-kit\\\/#primaryimage\",\"url\":\"https:\\\/\\\/nortvi.com\\\/wp-content\\\/uploads\\\/2024\\\/12\\\/SkinCare-TravelKit-scaled.jpg\",\"contentUrl\":\"https:\\\/\\\/nortvi.com\\\/wp-content\\\/uploads\\\/2024\\\/12\\\/SkinCare-TravelKit-scaled.jpg\",\"width\":3840,\"height\":3840},{\"@type\":\"BreadcrumbList\",\"@id\":\"https:\\\/\\\/nortvi.com\\\/de\\\/produkt\\\/skin-care-travel-kit\\\/#breadcrumb\",\"itemListElement\":[{\"@type\":\"ListItem\",\"position\":1,\"name\":\"Home\",\"item\":\"https:\\\/\\\/nortvi.com\\\/de\\\/\"},{\"@type\":\"ListItem\",\"position\":2,\"name\":\"Shop\",\"item\":\"https:\\\/\\\/nortvi.com\\\/de\\\/shop\\\/\"},{\"@type\":\"ListItem\",\"position\":3,\"name\":\"Accessories\",\"item\":\"https:\\\/\\\/nortvi.com\\\/de\\\/accessoires\\\/\"},{\"@type\":\"ListItem\",\"position\":4,\"name\":\"Travel Kit\",\"item\":\"https:\\\/\\\/nortvi.com\\\/de\\\/accessoires\\\/travel-kit-de\\\/\"},{\"@type\":\"ListItem\",\"position\":5,\"name\":\"Skin Care Travel Kit\"}]},{\"@type\":\"WebSite\",\"@id\":\"https:\\\/\\\/nortvi.com\\\/de\\\/#website\",\"url\":\"https:\\\/\\\/nortvi.com\\\/de\\\/\",\"name\":\"NORTVI\",\"description\":\"Sustainable travel gear\",\"publisher\":{\"@id\":\"https:\\\/\\\/nortvi.com\\\/de\\\/#organization\"},\"potentialAction\":[{\"@type\":\"SearchAction\",\"target\":{\"@type\":\"EntryPoint\",\"urlTemplate\":\"https:\\\/\\\/nortvi.com\\\/de\\\/?s={search_term_string}\"},\"query-input\":{\"@type\":\"PropertyValueSpecification\",\"valueRequired\":true,\"valueName\":\"search_term_string\"}}],\"inLanguage\":\"de\"},{\"@type\":\"Organization\",\"@id\":\"https:\\\/\\\/nortvi.com\\\/de\\\/#organization\",\"name\":\"NORTVI\",\"url\":\"https:\\\/\\\/nortvi.com\\\/de\\\/\",\"logo\":{\"@type\":\"ImageObject\",\"inLanguage\":\"de\",\"@id\":\"https:\\\/\\\/nortvi.com\\\/de\\\/#\\\/schema\\\/logo\\\/image\\\/\",\"url\":\"https:\\\/\\\/nortvi.com\\\/wp-content\\\/uploads\\\/2023\\\/09\\\/cropped-logo-footer.png\",\"contentUrl\":\"https:\\\/\\\/nortvi.com\\\/wp-content\\\/uploads\\\/2023\\\/09\\\/cropped-logo-footer.png\",\"width\":300,\"height\":46,\"caption\":\"NORTVI\"},\"image\":{\"@id\":\"https:\\\/\\\/nortvi.com\\\/de\\\/#\\\/schema\\\/logo\\\/image\\\/\"},\"sameAs\":[\"https:\\\/\\\/www.instagram.com\\\/nortvi\\\/\"]}]}<\/script>\n<meta property=\"product:price:amount\" content=\"129.00\" \/>\n<meta property=\"product:price:currency\" content=\"EUR\" \/>\n<meta property=\"og:availability\" content=\"instock\" \/>\n<meta property=\"product:availability\" content=\"instock\" \/>\n<meta property=\"product:condition\" content=\"new\" \/>\n<!-- \/ Yoast SEO Premium plugin. -->","yoast_head_json":{"title":"Hautpflege Reise-Set | Perfekte Pflege f\u00fcr unterwegs","description":"Unser Hautpflege Reise-Set enth\u00e4lt alles, was Sie f\u00fcr Ihre Hautpflege brauchen \u2013 kompakt, praktisch und perfekt f\u00fcr strahlende Haut auf jeder Reise.","robots":{"index":"index","follow":"follow","max-snippet":"max-snippet:-1","max-image-preview":"max-image-preview:large","max-video-preview":"max-video-preview:-1"},"canonical":"https:\/\/nortvi.com\/de\/produkt\/skin-care-travel-kit\/","og_locale":"de_DE","og_type":"article","og_title":"Skin Care Travel Kit","og_description":"Unser Hautpflege Reise-Set enth\u00e4lt alles, was Sie f\u00fcr Ihre Hautpflege brauchen \u2013 kompakt, praktisch und perfekt f\u00fcr strahlende Haut auf jeder Reise.","og_url":"https:\/\/nortvi.com\/de\/produkt\/skin-care-travel-kit\/","og_site_name":"NORTVI","article_modified_time":"2024-12-04T11:59:14+00:00","og_image":[{"width":3840,"height":3840,"url":"https:\/\/nortvi.com\/wp-content\/uploads\/2024\/12\/SkinCare-TravelKit-scaled.jpg","type":"image\/jpeg"}],"twitter_card":"summary_large_image","twitter_misc":{"Preis":"&euro;129.00","Verf\u00fcgbarkeit":"Auf Lager"},"schema":{"@context":"https:\/\/schema.org","@graph":[{"@type":"WebPage","@id":"https:\/\/nortvi.com\/de\/produkt\/skin-care-travel-kit\/","url":"https:\/\/nortvi.com\/de\/produkt\/skin-care-travel-kit\/","name":"Hautpflege Reise-Set | Perfekte Pflege f\u00fcr unterwegs","isPartOf":{"@id":"https:\/\/nortvi.com\/de\/#website"},"primaryImageOfPage":{"@id":"https:\/\/nortvi.com\/de\/produkt\/skin-care-travel-kit\/#primaryimage"},"image":{"@id":"https:\/\/nortvi.com\/de\/produkt\/skin-care-travel-kit\/#primaryimage"},"thumbnailUrl":"https:\/\/nortvi.com\/wp-content\/uploads\/2024\/12\/SkinCare-TravelKit-scaled.jpg","datePublished":"2024-12-04T11:56:32+00:00","dateModified":"2024-12-04T11:59:14+00:00","description":"Unser Hautpflege Reise-Set enth\u00e4lt alles, was Sie f\u00fcr Ihre Hautpflege brauchen \u2013 kompakt, praktisch und perfekt f\u00fcr strahlende Haut auf jeder Reise.","breadcrumb":{"@id":"https:\/\/nortvi.com\/de\/produkt\/skin-care-travel-kit\/#breadcrumb"},"inLanguage":"de","potentialAction":[{"@type":"ReadAction","target":["https:\/\/nortvi.com\/de\/produkt\/skin-care-travel-kit\/"]}]},{"@type":"ImageObject","inLanguage":"de","@id":"https:\/\/nortvi.com\/de\/produkt\/skin-care-travel-kit\/#primaryimage","url":"https:\/\/nortvi.com\/wp-content\/uploads\/2024\/12\/SkinCare-TravelKit-scaled.jpg","contentUrl":"https:\/\/nortvi.com\/wp-content\/uploads\/2024\/12\/SkinCare-TravelKit-scaled.jpg","width":3840,"height":3840},{"@type":"BreadcrumbList","@id":"https:\/\/nortvi.com\/de\/produkt\/skin-care-travel-kit\/#breadcrumb","itemListElement":[{"@type":"ListItem","position":1,"name":"Home","item":"https:\/\/nortvi.com\/de\/"},{"@type":"ListItem","position":2,"name":"Shop","item":"https:\/\/nortvi.com\/de\/shop\/"},{"@type":"ListItem","position":3,"name":"Accessories","item":"https:\/\/nortvi.com\/de\/accessoires\/"},{"@type":"ListItem","position":4,"name":"Travel Kit","item":"https:\/\/nortvi.com\/de\/accessoires\/travel-kit-de\/"},{"@type":"ListItem","position":5,"name":"Skin Care Travel Kit"}]},{"@type":"WebSite","@id":"https:\/\/nortvi.com\/de\/#website","url":"https:\/\/nortvi.com\/de\/","name":"NORTVI","description":"Sustainable travel gear","publisher":{"@id":"https:\/\/nortvi.com\/de\/#organization"},"potentialAction":[{"@type":"SearchAction","target":{"@type":"EntryPoint","urlTemplate":"https:\/\/nortvi.com\/de\/?s={search_term_string}"},"query-input":{"@type":"PropertyValueSpecification","valueRequired":true,"valueName":"search_term_string"}}],"inLanguage":"de"},{"@type":"Organization","@id":"https:\/\/nortvi.com\/de\/#organization","name":"NORTVI","url":"https:\/\/nortvi.com\/de\/","logo":{"@type":"ImageObject","inLanguage":"de","@id":"https:\/\/nortvi.com\/de\/#\/schema\/logo\/image\/","url":"https:\/\/nortvi.com\/wp-content\/uploads\/2023\/09\/cropped-logo-footer.png","contentUrl":"https:\/\/nortvi.com\/wp-content\/uploads\/2023\/09\/cropped-logo-footer.png","width":300,"height":46,"caption":"NORTVI"},"image":{"@id":"https:\/\/nortvi.com\/de\/#\/schema\/logo\/image\/"},"sameAs":["https:\/\/www.instagram.com\/nortvi\/"]}]},"product_price_amount":"129.00","product_price_currency":"EUR","og_availability":"instock","product_availability":"instock","product_condition":"new"},"_links":{"self":[{"href":"https:\/\/nortvi.com\/de\/wp-json\/wp\/v2\/product\/319943","targetHints":{"allow":["GET"]}}],"collection":[{"href":"https:\/\/nortvi.com\/de\/wp-json\/wp\/v2\/product"}],"about":[{"href":"https:\/\/nortvi.com\/de\/wp-json\/wp\/v2\/types\/product"}],"version-history":[{"count":0,"href":"https:\/\/nortvi.com\/de\/wp-json\/wp\/v2\/product\/319943\/revisions"}],"wp:featuredmedia":[{"embeddable":true,"href":"https:\/\/nortvi.com\/de\/wp-json\/wp\/v2\/media\/319936"}],"wp:attachment":[{"href":"https:\/\/nortvi.com\/de\/wp-json\/wp\/v2\/media?parent=319943"}],"wp:term":[{"taxonomy":"product_brand","embeddable":true,"href":"https:\/\/nortvi.com\/de\/wp-json\/wp\/v2\/product_brand?post=319943"},{"taxonomy":"product_cat","embeddable":true,"href":"https:\/\/nortvi.com\/de\/wp-json\/wp\/v2\/product_cat?post=319943"},{"taxonomy":"product_tag","embeddable":true,"href":"https:\/\/nortvi.com\/de\/wp-json\/wp\/v2\/product_tag?post=319943"}],"curies":[{"name":"wp","href":"https:\/\/api.w.org\/{rel}","templated":true}]}}