{"id":303563,"date":"2024-07-01T16:54:13","date_gmt":"2024-07-01T14:54:13","guid":{"rendered":"https:\/\/nortvi.com\/?post_type=product&#038;p=303563"},"modified":"2026-01-13T17:22:13","modified_gmt":"2026-01-13T16:22:13","slug":"cobalt-blue-luggage-tag","status":"publish","type":"product","link":"https:\/\/nortvi.com\/de\/produkt\/cobalt-blue-luggage-tag\/","title":{"rendered":"Cobalt Blue Luggage Tag"},"content":{"rendered":"<p>Geben Sie Ihrem Koffer mit einem individuellen Gep\u00e4ckanh\u00e4nger eine pers\u00f6nliche Note. Erh\u00e4ltlich in sechs verschiedenen Farben, die hervorragend zu allen unseren Koffern passen. Personalisieren Sie ihn mit Ihren eigenen Initialen in drei verschiedenen Farben: Gold, Silber oder hei\u00dfgepr\u00e4gt.<\/p>\n","protected":false},"excerpt":{"rendered":"<p>Geben Sie Ihrem Koffer mit einem individuellen Gep\u00e4ckanh\u00e4nger eine pers\u00f6nliche Note. Erh\u00e4ltlich in sechs verschiedenen Farben, die hervorragend zu allen unseren Koffern passen. Personalisieren Sie ihn mit Ihren eigenen Initialen in drei verschiedenen Farben: Gold, Silber oder hei\u00dfgepr\u00e4gt.<\/p>\n","protected":false},"featured_media":303581,"template":"","meta":{"_acf_changed":false,"footnotes":""},"product_brand":[],"product_cat":[145],"product_tag":[],"class_list":{"0":"post-303563","1":"product","2":"type-product","3":"status-publish","4":"has-post-thumbnail","6":"product_cat-gepaeckanhanger","8":"first","9":"instock","10":"taxable","11":"shipping-taxable","12":"purchasable","13":"product-type-simple"},"composite_virtual":false,"composite_layout":"","composite_add_to_cart_form_location":"","composite_editable_in_cart":false,"composite_sold_individually_context":"","composite_shop_price_calc":"","composite_components":[],"composite_scenarios":[],"acf":[],"yoast_head":"<!-- This site is optimized with the Yoast SEO Premium plugin v27.1 (Yoast SEO v27.3) - https:\/\/yoast.com\/product\/yoast-seo-premium-wordpress\/ -->\n<title>Blauer Gep\u00e4ckanh\u00e4nger | Personalisieren Sie Ihr Label<\/title>\n<meta name=\"description\" content=\"Der blaue Kofferanh\u00e4nger von NORTVI setzt einen auff\u00e4lligen Akzent. Personalisieren Sie ihn mit Ihren Initialen f\u00fcr eine lebendige, individuelle Note.\" \/>\n<meta name=\"robots\" content=\"index, follow, max-snippet:-1, max-image-preview:large, max-video-preview:-1\" \/>\n<link rel=\"canonical\" href=\"https:\/\/nortvi.com\/de\/produkt\/cobalt-blue-luggage-tag\/\" \/>\n<meta property=\"og:locale\" content=\"de_DE\" \/>\n<meta property=\"og:type\" content=\"article\" \/>\n<meta property=\"og:title\" content=\"Cobalt Blue Luggage Tag\" \/>\n<meta property=\"og:description\" content=\"Der blaue Kofferanh\u00e4nger von NORTVI setzt einen auff\u00e4lligen Akzent. Personalisieren Sie ihn mit Ihren Initialen f\u00fcr eine lebendige, individuelle Note.\" \/>\n<meta property=\"og:url\" content=\"https:\/\/nortvi.com\/de\/produkt\/cobalt-blue-luggage-tag\/\" \/>\n<meta property=\"og:site_name\" content=\"NORTVI\" \/>\n<meta property=\"article:modified_time\" content=\"2026-01-13T16:22:13+00:00\" \/>\n<meta property=\"og:image\" content=\"https:\/\/nortvi.com\/wp-content\/uploads\/2024\/07\/2024-06-Tag-Blauw-1-e1720003586585.png\" \/>\n\t<meta property=\"og:image:width\" content=\"2048\" \/>\n\t<meta property=\"og:image:height\" content=\"2048\" \/>\n\t<meta property=\"og:image:type\" content=\"image\/png\" \/>\n<meta name=\"twitter:card\" content=\"summary_large_image\" \/>\n<meta name=\"twitter:label1\" content=\"Preis\" \/>\n\t<meta name=\"twitter:data1\" content=\"&euro;20.00\" \/>\n\t<meta name=\"twitter:label2\" content=\"Verf\u00fcgbarkeit\" \/>\n\t<meta name=\"twitter:data2\" content=\"Auf Lager\" \/>\n<script type=\"application\/ld+json\" class=\"yoast-schema-graph\">{\"@context\":\"https:\\\/\\\/schema.org\",\"@graph\":[{\"@type\":\"WebPage\",\"@id\":\"https:\\\/\\\/nortvi.com\\\/de\\\/produkt\\\/cobalt-blue-luggage-tag\\\/\",\"url\":\"https:\\\/\\\/nortvi.com\\\/de\\\/produkt\\\/cobalt-blue-luggage-tag\\\/\",\"name\":\"Blauer Gep\u00e4ckanh\u00e4nger | Personalisieren Sie Ihr Label\",\"isPartOf\":{\"@id\":\"https:\\\/\\\/nortvi.com\\\/de\\\/#website\"},\"primaryImageOfPage\":{\"@id\":\"https:\\\/\\\/nortvi.com\\\/de\\\/produkt\\\/cobalt-blue-luggage-tag\\\/#primaryimage\"},\"image\":{\"@id\":\"https:\\\/\\\/nortvi.com\\\/de\\\/produkt\\\/cobalt-blue-luggage-tag\\\/#primaryimage\"},\"thumbnailUrl\":\"https:\\\/\\\/nortvi.com\\\/wp-content\\\/uploads\\\/2024\\\/07\\\/2024-06-Tag-Blauw-1-e1720003586585.png\",\"datePublished\":\"2024-07-01T14:54:13+00:00\",\"dateModified\":\"2026-01-13T16:22:13+00:00\",\"description\":\"Der blaue Kofferanh\u00e4nger von NORTVI setzt einen auff\u00e4lligen Akzent. Personalisieren Sie ihn mit Ihren Initialen f\u00fcr eine lebendige, individuelle Note.\",\"breadcrumb\":{\"@id\":\"https:\\\/\\\/nortvi.com\\\/de\\\/produkt\\\/cobalt-blue-luggage-tag\\\/#breadcrumb\"},\"inLanguage\":\"de\",\"potentialAction\":[{\"@type\":\"ReadAction\",\"target\":[\"https:\\\/\\\/nortvi.com\\\/de\\\/produkt\\\/cobalt-blue-luggage-tag\\\/\"]}]},{\"@type\":\"ImageObject\",\"inLanguage\":\"de\",\"@id\":\"https:\\\/\\\/nortvi.com\\\/de\\\/produkt\\\/cobalt-blue-luggage-tag\\\/#primaryimage\",\"url\":\"https:\\\/\\\/nortvi.com\\\/wp-content\\\/uploads\\\/2024\\\/07\\\/2024-06-Tag-Blauw-1-e1720003586585.png\",\"contentUrl\":\"https:\\\/\\\/nortvi.com\\\/wp-content\\\/uploads\\\/2024\\\/07\\\/2024-06-Tag-Blauw-1-e1720003586585.png\",\"width\":2048,\"height\":2048,\"caption\":\"Luggage tag blauw KLM\"},{\"@type\":\"BreadcrumbList\",\"@id\":\"https:\\\/\\\/nortvi.com\\\/de\\\/produkt\\\/cobalt-blue-luggage-tag\\\/#breadcrumb\",\"itemListElement\":[{\"@type\":\"ListItem\",\"position\":1,\"name\":\"Home\",\"item\":\"https:\\\/\\\/nortvi.com\\\/de\\\/\"},{\"@type\":\"ListItem\",\"position\":2,\"name\":\"Shop\",\"item\":\"https:\\\/\\\/nortvi.com\\\/de\\\/shop\\\/\"},{\"@type\":\"ListItem\",\"position\":3,\"name\":\"Accessories\",\"item\":\"https:\\\/\\\/nortvi.com\\\/de\\\/accessoires\\\/\"},{\"@type\":\"ListItem\",\"position\":4,\"name\":\"Kofferanh\u00e4nger\",\"item\":\"https:\\\/\\\/nortvi.com\\\/de\\\/accessoires\\\/gepaeckanhanger\\\/\"},{\"@type\":\"ListItem\",\"position\":5,\"name\":\"Cobalt Blue Luggage Tag\"}]},{\"@type\":\"WebSite\",\"@id\":\"https:\\\/\\\/nortvi.com\\\/de\\\/#website\",\"url\":\"https:\\\/\\\/nortvi.com\\\/de\\\/\",\"name\":\"NORTVI\",\"description\":\"Sustainable travel gear\",\"publisher\":{\"@id\":\"https:\\\/\\\/nortvi.com\\\/de\\\/#organization\"},\"potentialAction\":[{\"@type\":\"SearchAction\",\"target\":{\"@type\":\"EntryPoint\",\"urlTemplate\":\"https:\\\/\\\/nortvi.com\\\/de\\\/?s={search_term_string}\"},\"query-input\":{\"@type\":\"PropertyValueSpecification\",\"valueRequired\":true,\"valueName\":\"search_term_string\"}}],\"inLanguage\":\"de\"},{\"@type\":\"Organization\",\"@id\":\"https:\\\/\\\/nortvi.com\\\/de\\\/#organization\",\"name\":\"NORTVI\",\"url\":\"https:\\\/\\\/nortvi.com\\\/de\\\/\",\"logo\":{\"@type\":\"ImageObject\",\"inLanguage\":\"de\",\"@id\":\"https:\\\/\\\/nortvi.com\\\/de\\\/#\\\/schema\\\/logo\\\/image\\\/\",\"url\":\"https:\\\/\\\/nortvi.com\\\/wp-content\\\/uploads\\\/2023\\\/09\\\/cropped-logo-footer.png\",\"contentUrl\":\"https:\\\/\\\/nortvi.com\\\/wp-content\\\/uploads\\\/2023\\\/09\\\/cropped-logo-footer.png\",\"width\":300,\"height\":46,\"caption\":\"NORTVI\"},\"image\":{\"@id\":\"https:\\\/\\\/nortvi.com\\\/de\\\/#\\\/schema\\\/logo\\\/image\\\/\"},\"sameAs\":[\"https:\\\/\\\/www.instagram.com\\\/nortvi\\\/\"]}]}<\/script>\n<meta property=\"product:price:amount\" content=\"20.00\" \/>\n<meta property=\"product:price:currency\" content=\"EUR\" \/>\n<meta property=\"og:availability\" content=\"instock\" \/>\n<meta property=\"product:availability\" content=\"instock\" \/>\n<meta property=\"product:retailer_item_id\" content=\"8720865800004\" \/>\n<meta property=\"product:condition\" content=\"new\" \/>\n<!-- \/ Yoast SEO Premium plugin. -->","yoast_head_json":{"title":"Blauer Gep\u00e4ckanh\u00e4nger | Personalisieren Sie Ihr Label","description":"Der blaue Kofferanh\u00e4nger von NORTVI setzt einen auff\u00e4lligen Akzent. Personalisieren Sie ihn mit Ihren Initialen f\u00fcr eine lebendige, individuelle Note.","robots":{"index":"index","follow":"follow","max-snippet":"max-snippet:-1","max-image-preview":"max-image-preview:large","max-video-preview":"max-video-preview:-1"},"canonical":"https:\/\/nortvi.com\/de\/produkt\/cobalt-blue-luggage-tag\/","og_locale":"de_DE","og_type":"article","og_title":"Cobalt Blue Luggage Tag","og_description":"Der blaue Kofferanh\u00e4nger von NORTVI setzt einen auff\u00e4lligen Akzent. Personalisieren Sie ihn mit Ihren Initialen f\u00fcr eine lebendige, individuelle Note.","og_url":"https:\/\/nortvi.com\/de\/produkt\/cobalt-blue-luggage-tag\/","og_site_name":"NORTVI","article_modified_time":"2026-01-13T16:22:13+00:00","og_image":[{"width":2048,"height":2048,"url":"https:\/\/nortvi.com\/wp-content\/uploads\/2024\/07\/2024-06-Tag-Blauw-1-e1720003586585.png","type":"image\/png"}],"twitter_card":"summary_large_image","twitter_misc":{"Preis":"&euro;20.00","Verf\u00fcgbarkeit":"Auf Lager"},"schema":{"@context":"https:\/\/schema.org","@graph":[{"@type":"WebPage","@id":"https:\/\/nortvi.com\/de\/produkt\/cobalt-blue-luggage-tag\/","url":"https:\/\/nortvi.com\/de\/produkt\/cobalt-blue-luggage-tag\/","name":"Blauer Gep\u00e4ckanh\u00e4nger | Personalisieren Sie Ihr Label","isPartOf":{"@id":"https:\/\/nortvi.com\/de\/#website"},"primaryImageOfPage":{"@id":"https:\/\/nortvi.com\/de\/produkt\/cobalt-blue-luggage-tag\/#primaryimage"},"image":{"@id":"https:\/\/nortvi.com\/de\/produkt\/cobalt-blue-luggage-tag\/#primaryimage"},"thumbnailUrl":"https:\/\/nortvi.com\/wp-content\/uploads\/2024\/07\/2024-06-Tag-Blauw-1-e1720003586585.png","datePublished":"2024-07-01T14:54:13+00:00","dateModified":"2026-01-13T16:22:13+00:00","description":"Der blaue Kofferanh\u00e4nger von NORTVI setzt einen auff\u00e4lligen Akzent. Personalisieren Sie ihn mit Ihren Initialen f\u00fcr eine lebendige, individuelle Note.","breadcrumb":{"@id":"https:\/\/nortvi.com\/de\/produkt\/cobalt-blue-luggage-tag\/#breadcrumb"},"inLanguage":"de","potentialAction":[{"@type":"ReadAction","target":["https:\/\/nortvi.com\/de\/produkt\/cobalt-blue-luggage-tag\/"]}]},{"@type":"ImageObject","inLanguage":"de","@id":"https:\/\/nortvi.com\/de\/produkt\/cobalt-blue-luggage-tag\/#primaryimage","url":"https:\/\/nortvi.com\/wp-content\/uploads\/2024\/07\/2024-06-Tag-Blauw-1-e1720003586585.png","contentUrl":"https:\/\/nortvi.com\/wp-content\/uploads\/2024\/07\/2024-06-Tag-Blauw-1-e1720003586585.png","width":2048,"height":2048,"caption":"Luggage tag blauw KLM"},{"@type":"BreadcrumbList","@id":"https:\/\/nortvi.com\/de\/produkt\/cobalt-blue-luggage-tag\/#breadcrumb","itemListElement":[{"@type":"ListItem","position":1,"name":"Home","item":"https:\/\/nortvi.com\/de\/"},{"@type":"ListItem","position":2,"name":"Shop","item":"https:\/\/nortvi.com\/de\/shop\/"},{"@type":"ListItem","position":3,"name":"Accessories","item":"https:\/\/nortvi.com\/de\/accessoires\/"},{"@type":"ListItem","position":4,"name":"Kofferanh\u00e4nger","item":"https:\/\/nortvi.com\/de\/accessoires\/gepaeckanhanger\/"},{"@type":"ListItem","position":5,"name":"Cobalt Blue Luggage Tag"}]},{"@type":"WebSite","@id":"https:\/\/nortvi.com\/de\/#website","url":"https:\/\/nortvi.com\/de\/","name":"NORTVI","description":"Sustainable travel gear","publisher":{"@id":"https:\/\/nortvi.com\/de\/#organization"},"potentialAction":[{"@type":"SearchAction","target":{"@type":"EntryPoint","urlTemplate":"https:\/\/nortvi.com\/de\/?s={search_term_string}"},"query-input":{"@type":"PropertyValueSpecification","valueRequired":true,"valueName":"search_term_string"}}],"inLanguage":"de"},{"@type":"Organization","@id":"https:\/\/nortvi.com\/de\/#organization","name":"NORTVI","url":"https:\/\/nortvi.com\/de\/","logo":{"@type":"ImageObject","inLanguage":"de","@id":"https:\/\/nortvi.com\/de\/#\/schema\/logo\/image\/","url":"https:\/\/nortvi.com\/wp-content\/uploads\/2023\/09\/cropped-logo-footer.png","contentUrl":"https:\/\/nortvi.com\/wp-content\/uploads\/2023\/09\/cropped-logo-footer.png","width":300,"height":46,"caption":"NORTVI"},"image":{"@id":"https:\/\/nortvi.com\/de\/#\/schema\/logo\/image\/"},"sameAs":["https:\/\/www.instagram.com\/nortvi\/"]}]},"product_price_amount":"20.00","product_price_currency":"EUR","og_availability":"instock","product_availability":"instock","product_retailer_item_id":"8720865800004","product_condition":"new"},"_links":{"self":[{"href":"https:\/\/nortvi.com\/de\/wp-json\/wp\/v2\/product\/303563","targetHints":{"allow":["GET"]}}],"collection":[{"href":"https:\/\/nortvi.com\/de\/wp-json\/wp\/v2\/product"}],"about":[{"href":"https:\/\/nortvi.com\/de\/wp-json\/wp\/v2\/types\/product"}],"version-history":[{"count":0,"href":"https:\/\/nortvi.com\/de\/wp-json\/wp\/v2\/product\/303563\/revisions"}],"wp:featuredmedia":[{"embeddable":true,"href":"https:\/\/nortvi.com\/de\/wp-json\/wp\/v2\/media\/303581"}],"wp:attachment":[{"href":"https:\/\/nortvi.com\/de\/wp-json\/wp\/v2\/media?parent=303563"}],"wp:term":[{"taxonomy":"product_brand","embeddable":true,"href":"https:\/\/nortvi.com\/de\/wp-json\/wp\/v2\/product_brand?post=303563"},{"taxonomy":"product_cat","embeddable":true,"href":"https:\/\/nortvi.com\/de\/wp-json\/wp\/v2\/product_cat?post=303563"},{"taxonomy":"product_tag","embeddable":true,"href":"https:\/\/nortvi.com\/de\/wp-json\/wp\/v2\/product_tag?post=303563"}],"curies":[{"name":"wp","href":"https:\/\/api.w.org\/{rel}","templated":true}]}}