{"id":254238,"date":"2023-03-06T14:46:15","date_gmt":"2023-03-06T13:46:15","guid":{"rendered":"https:\/\/nortvi-prod.wdc.app\/?post_type=product&#038;p=254238"},"modified":"2026-02-16T11:45:45","modified_gmt":"2026-02-16T10:45:45","slug":"toiletry-bag-clay","status":"publish","type":"product","link":"https:\/\/nortvi.com\/de\/produkt\/toiletry-bag-clay\/","title":{"rendered":"Toiletry Bag Clay"},"content":{"rendered":"<p>Erleben Sie die perfekte Mischung aus Design und Funktionalit\u00e4t mit der NORTVI Kulturbeutel. Diese aus hochwertigen veganen und recycelten Materialien hergestellte Tasche ist sowohl stilvoll als auch ethisch vertretbar und somit die ideale Wahl f\u00fcr High-Fashion-Reisende. Ihre robuste Konstruktion sorgt daf\u00fcr, dass alle Ihre Gegenst\u00e4nde auch bei den h\u00e4rtesten Reisen sicher sind. Ihre ausgekl\u00fcgelte Konstruktion wird durch eine hochwertige, matte Oberfl\u00e4che zus\u00e4tzlich betont, die Ihren Reisen einen Hauch von Luxus verleiht.<\/p>\n","protected":false},"excerpt":{"rendered":"<p>Erleben Sie die perfekte Mischung aus Design und Funktionalit\u00e4t mit der NORTVI Kulturbeutel. Diese aus hochwertigen veganen und recycelten Materialien hergestellte Tasche ist sowohl stilvoll als auch ethisch vertretbar und somit die ideale Wahl f\u00fcr High-Fashion-Reisende. Ihre robuste Konstruktion sorgt daf\u00fcr, dass alle Ihre Gegenst\u00e4nde auch bei den h\u00e4rtesten Reisen sicher sind. Ihre ausgekl\u00fcgelte Konstruktion wird durch eine hochwertige, matte Oberfl\u00e4che zus\u00e4tzlich betont, die Ihren Reisen einen Hauch von Luxus verleiht.<\/p>\n","protected":false},"featured_media":295359,"template":"","meta":{"_acf_changed":false,"footnotes":""},"product_brand":[],"product_cat":[247],"product_tag":[],"class_list":{"0":"post-254238","1":"product","2":"type-product","3":"status-publish","4":"has-post-thumbnail","6":"product_cat-kulturbeutel","8":"first","9":"instock","10":"taxable","11":"shipping-taxable","12":"purchasable","13":"product-type-simple"},"composite_virtual":false,"composite_layout":"","composite_add_to_cart_form_location":"","composite_editable_in_cart":false,"composite_sold_individually_context":"","composite_shop_price_calc":"","composite_components":[],"composite_scenarios":[],"acf":[],"yoast_head":"<!-- This site is optimized with the Yoast SEO Premium plugin v27.1 (Yoast SEO v27.3) - https:\/\/yoast.com\/product\/yoast-seo-premium-wordpress\/ -->\n<title>Kulturbeutel | Clay | Nachhaltig &amp; Stilvoll<\/title>\n<meta name=\"description\" content=\"Dieser stilvolle beige Kulturbeutel besteht aus hochwertigen, nachhaltigen Materialien und ist die perfekte Wahl f\u00fcr anspruchsvolle Reisende.\" \/>\n<meta name=\"robots\" content=\"index, follow, max-snippet:-1, max-image-preview:large, max-video-preview:-1\" \/>\n<link rel=\"canonical\" href=\"https:\/\/nortvi.com\/de\/produkt\/toiletry-bag-clay\/\" \/>\n<meta property=\"og:locale\" content=\"de_DE\" \/>\n<meta property=\"og:type\" content=\"article\" \/>\n<meta property=\"og:title\" content=\"Toiletry Bag Clay\" \/>\n<meta property=\"og:description\" content=\"Dieser stilvolle beige Kulturbeutel besteht aus hochwertigen, nachhaltigen Materialien und ist die perfekte Wahl f\u00fcr anspruchsvolle Reisende.\" \/>\n<meta property=\"og:url\" content=\"https:\/\/nortvi.com\/de\/produkt\/toiletry-bag-clay\/\" \/>\n<meta property=\"og:site_name\" content=\"NORTVI\" \/>\n<meta property=\"article:modified_time\" content=\"2026-02-16T10:45:45+00:00\" \/>\n<meta property=\"og:image\" content=\"https:\/\/nortvi.com\/wp-content\/uploads\/2023\/03\/Toiletery_Clay_0027-1.jpg\" \/>\n\t<meta property=\"og:image:width\" content=\"2000\" \/>\n\t<meta property=\"og:image:height\" content=\"2000\" \/>\n\t<meta property=\"og:image:type\" content=\"image\/jpeg\" \/>\n<meta name=\"twitter:card\" content=\"summary_large_image\" \/>\n<meta name=\"twitter:label1\" content=\"Preis\" \/>\n\t<meta name=\"twitter:data1\" content=\"&euro;49.00\" \/>\n\t<meta name=\"twitter:label2\" content=\"Verf\u00fcgbarkeit\" \/>\n\t<meta name=\"twitter:data2\" content=\"Auf Lager\" \/>\n<script type=\"application\/ld+json\" class=\"yoast-schema-graph\">{\"@context\":\"https:\\\/\\\/schema.org\",\"@graph\":[{\"@type\":\"WebPage\",\"@id\":\"https:\\\/\\\/nortvi.com\\\/de\\\/produkt\\\/toiletry-bag-clay\\\/\",\"url\":\"https:\\\/\\\/nortvi.com\\\/de\\\/produkt\\\/toiletry-bag-clay\\\/\",\"name\":\"Kulturbeutel | Clay | Nachhaltig & Stilvoll\",\"isPartOf\":{\"@id\":\"https:\\\/\\\/nortvi.com\\\/de\\\/#website\"},\"primaryImageOfPage\":{\"@id\":\"https:\\\/\\\/nortvi.com\\\/de\\\/produkt\\\/toiletry-bag-clay\\\/#primaryimage\"},\"image\":{\"@id\":\"https:\\\/\\\/nortvi.com\\\/de\\\/produkt\\\/toiletry-bag-clay\\\/#primaryimage\"},\"thumbnailUrl\":\"https:\\\/\\\/nortvi.com\\\/wp-content\\\/uploads\\\/2023\\\/03\\\/Toiletery_Clay_0027-1.jpg\",\"datePublished\":\"2023-03-06T13:46:15+00:00\",\"dateModified\":\"2026-02-16T10:45:45+00:00\",\"description\":\"Dieser stilvolle beige Kulturbeutel besteht aus hochwertigen, nachhaltigen Materialien und ist die perfekte Wahl f\u00fcr anspruchsvolle Reisende.\",\"breadcrumb\":{\"@id\":\"https:\\\/\\\/nortvi.com\\\/de\\\/produkt\\\/toiletry-bag-clay\\\/#breadcrumb\"},\"inLanguage\":\"de\",\"potentialAction\":[{\"@type\":\"ReadAction\",\"target\":[\"https:\\\/\\\/nortvi.com\\\/de\\\/produkt\\\/toiletry-bag-clay\\\/\"]}]},{\"@type\":\"ImageObject\",\"inLanguage\":\"de\",\"@id\":\"https:\\\/\\\/nortvi.com\\\/de\\\/produkt\\\/toiletry-bag-clay\\\/#primaryimage\",\"url\":\"https:\\\/\\\/nortvi.com\\\/wp-content\\\/uploads\\\/2023\\\/03\\\/Toiletery_Clay_0027-1.jpg\",\"contentUrl\":\"https:\\\/\\\/nortvi.com\\\/wp-content\\\/uploads\\\/2023\\\/03\\\/Toiletery_Clay_0027-1.jpg\",\"width\":2000,\"height\":2000},{\"@type\":\"BreadcrumbList\",\"@id\":\"https:\\\/\\\/nortvi.com\\\/de\\\/produkt\\\/toiletry-bag-clay\\\/#breadcrumb\",\"itemListElement\":[{\"@type\":\"ListItem\",\"position\":1,\"name\":\"Home\",\"item\":\"https:\\\/\\\/nortvi.com\\\/de\\\/\"},{\"@type\":\"ListItem\",\"position\":2,\"name\":\"Shop\",\"item\":\"https:\\\/\\\/nortvi.com\\\/de\\\/shop\\\/\"},{\"@type\":\"ListItem\",\"position\":3,\"name\":\"Accessories\",\"item\":\"https:\\\/\\\/nortvi.com\\\/de\\\/accessoires\\\/\"},{\"@type\":\"ListItem\",\"position\":4,\"name\":\"Kulturbeutel\",\"item\":\"https:\\\/\\\/nortvi.com\\\/de\\\/accessoires\\\/kulturbeutel\\\/\"},{\"@type\":\"ListItem\",\"position\":5,\"name\":\"Toiletry Bag Clay\"}]},{\"@type\":\"WebSite\",\"@id\":\"https:\\\/\\\/nortvi.com\\\/de\\\/#website\",\"url\":\"https:\\\/\\\/nortvi.com\\\/de\\\/\",\"name\":\"NORTVI\",\"description\":\"Sustainable travel gear\",\"publisher\":{\"@id\":\"https:\\\/\\\/nortvi.com\\\/de\\\/#organization\"},\"potentialAction\":[{\"@type\":\"SearchAction\",\"target\":{\"@type\":\"EntryPoint\",\"urlTemplate\":\"https:\\\/\\\/nortvi.com\\\/de\\\/?s={search_term_string}\"},\"query-input\":{\"@type\":\"PropertyValueSpecification\",\"valueRequired\":true,\"valueName\":\"search_term_string\"}}],\"inLanguage\":\"de\"},{\"@type\":\"Organization\",\"@id\":\"https:\\\/\\\/nortvi.com\\\/de\\\/#organization\",\"name\":\"NORTVI\",\"url\":\"https:\\\/\\\/nortvi.com\\\/de\\\/\",\"logo\":{\"@type\":\"ImageObject\",\"inLanguage\":\"de\",\"@id\":\"https:\\\/\\\/nortvi.com\\\/de\\\/#\\\/schema\\\/logo\\\/image\\\/\",\"url\":\"https:\\\/\\\/nortvi.com\\\/wp-content\\\/uploads\\\/2023\\\/09\\\/cropped-logo-footer.png\",\"contentUrl\":\"https:\\\/\\\/nortvi.com\\\/wp-content\\\/uploads\\\/2023\\\/09\\\/cropped-logo-footer.png\",\"width\":300,\"height\":46,\"caption\":\"NORTVI\"},\"image\":{\"@id\":\"https:\\\/\\\/nortvi.com\\\/de\\\/#\\\/schema\\\/logo\\\/image\\\/\"},\"sameAs\":[\"https:\\\/\\\/www.instagram.com\\\/nortvi\\\/\"]}]}<\/script>\n<meta property=\"product:price:amount\" content=\"49.00\" \/>\n<meta property=\"product:price:currency\" content=\"EUR\" \/>\n<meta property=\"og:availability\" content=\"instock\" \/>\n<meta property=\"product:availability\" content=\"instock\" \/>\n<meta property=\"product:retailer_item_id\" content=\"8720618379467\" \/>\n<meta property=\"product:condition\" content=\"new\" \/>\n<!-- \/ Yoast SEO Premium plugin. -->","yoast_head_json":{"title":"Kulturbeutel | Clay | Nachhaltig & Stilvoll","description":"Dieser stilvolle beige Kulturbeutel besteht aus hochwertigen, nachhaltigen Materialien und ist die perfekte Wahl f\u00fcr anspruchsvolle Reisende.","robots":{"index":"index","follow":"follow","max-snippet":"max-snippet:-1","max-image-preview":"max-image-preview:large","max-video-preview":"max-video-preview:-1"},"canonical":"https:\/\/nortvi.com\/de\/produkt\/toiletry-bag-clay\/","og_locale":"de_DE","og_type":"article","og_title":"Toiletry Bag Clay","og_description":"Dieser stilvolle beige Kulturbeutel besteht aus hochwertigen, nachhaltigen Materialien und ist die perfekte Wahl f\u00fcr anspruchsvolle Reisende.","og_url":"https:\/\/nortvi.com\/de\/produkt\/toiletry-bag-clay\/","og_site_name":"NORTVI","article_modified_time":"2026-02-16T10:45:45+00:00","og_image":[{"width":2000,"height":2000,"url":"https:\/\/nortvi.com\/wp-content\/uploads\/2023\/03\/Toiletery_Clay_0027-1.jpg","type":"image\/jpeg"}],"twitter_card":"summary_large_image","twitter_misc":{"Preis":"&euro;49.00","Verf\u00fcgbarkeit":"Auf Lager"},"schema":{"@context":"https:\/\/schema.org","@graph":[{"@type":"WebPage","@id":"https:\/\/nortvi.com\/de\/produkt\/toiletry-bag-clay\/","url":"https:\/\/nortvi.com\/de\/produkt\/toiletry-bag-clay\/","name":"Kulturbeutel | Clay | Nachhaltig & Stilvoll","isPartOf":{"@id":"https:\/\/nortvi.com\/de\/#website"},"primaryImageOfPage":{"@id":"https:\/\/nortvi.com\/de\/produkt\/toiletry-bag-clay\/#primaryimage"},"image":{"@id":"https:\/\/nortvi.com\/de\/produkt\/toiletry-bag-clay\/#primaryimage"},"thumbnailUrl":"https:\/\/nortvi.com\/wp-content\/uploads\/2023\/03\/Toiletery_Clay_0027-1.jpg","datePublished":"2023-03-06T13:46:15+00:00","dateModified":"2026-02-16T10:45:45+00:00","description":"Dieser stilvolle beige Kulturbeutel besteht aus hochwertigen, nachhaltigen Materialien und ist die perfekte Wahl f\u00fcr anspruchsvolle Reisende.","breadcrumb":{"@id":"https:\/\/nortvi.com\/de\/produkt\/toiletry-bag-clay\/#breadcrumb"},"inLanguage":"de","potentialAction":[{"@type":"ReadAction","target":["https:\/\/nortvi.com\/de\/produkt\/toiletry-bag-clay\/"]}]},{"@type":"ImageObject","inLanguage":"de","@id":"https:\/\/nortvi.com\/de\/produkt\/toiletry-bag-clay\/#primaryimage","url":"https:\/\/nortvi.com\/wp-content\/uploads\/2023\/03\/Toiletery_Clay_0027-1.jpg","contentUrl":"https:\/\/nortvi.com\/wp-content\/uploads\/2023\/03\/Toiletery_Clay_0027-1.jpg","width":2000,"height":2000},{"@type":"BreadcrumbList","@id":"https:\/\/nortvi.com\/de\/produkt\/toiletry-bag-clay\/#breadcrumb","itemListElement":[{"@type":"ListItem","position":1,"name":"Home","item":"https:\/\/nortvi.com\/de\/"},{"@type":"ListItem","position":2,"name":"Shop","item":"https:\/\/nortvi.com\/de\/shop\/"},{"@type":"ListItem","position":3,"name":"Accessories","item":"https:\/\/nortvi.com\/de\/accessoires\/"},{"@type":"ListItem","position":4,"name":"Kulturbeutel","item":"https:\/\/nortvi.com\/de\/accessoires\/kulturbeutel\/"},{"@type":"ListItem","position":5,"name":"Toiletry Bag Clay"}]},{"@type":"WebSite","@id":"https:\/\/nortvi.com\/de\/#website","url":"https:\/\/nortvi.com\/de\/","name":"NORTVI","description":"Sustainable travel gear","publisher":{"@id":"https:\/\/nortvi.com\/de\/#organization"},"potentialAction":[{"@type":"SearchAction","target":{"@type":"EntryPoint","urlTemplate":"https:\/\/nortvi.com\/de\/?s={search_term_string}"},"query-input":{"@type":"PropertyValueSpecification","valueRequired":true,"valueName":"search_term_string"}}],"inLanguage":"de"},{"@type":"Organization","@id":"https:\/\/nortvi.com\/de\/#organization","name":"NORTVI","url":"https:\/\/nortvi.com\/de\/","logo":{"@type":"ImageObject","inLanguage":"de","@id":"https:\/\/nortvi.com\/de\/#\/schema\/logo\/image\/","url":"https:\/\/nortvi.com\/wp-content\/uploads\/2023\/09\/cropped-logo-footer.png","contentUrl":"https:\/\/nortvi.com\/wp-content\/uploads\/2023\/09\/cropped-logo-footer.png","width":300,"height":46,"caption":"NORTVI"},"image":{"@id":"https:\/\/nortvi.com\/de\/#\/schema\/logo\/image\/"},"sameAs":["https:\/\/www.instagram.com\/nortvi\/"]}]},"product_price_amount":"49.00","product_price_currency":"EUR","og_availability":"instock","product_availability":"instock","product_retailer_item_id":"8720618379467","product_condition":"new"},"_links":{"self":[{"href":"https:\/\/nortvi.com\/de\/wp-json\/wp\/v2\/product\/254238","targetHints":{"allow":["GET"]}}],"collection":[{"href":"https:\/\/nortvi.com\/de\/wp-json\/wp\/v2\/product"}],"about":[{"href":"https:\/\/nortvi.com\/de\/wp-json\/wp\/v2\/types\/product"}],"version-history":[{"count":0,"href":"https:\/\/nortvi.com\/de\/wp-json\/wp\/v2\/product\/254238\/revisions"}],"wp:featuredmedia":[{"embeddable":true,"href":"https:\/\/nortvi.com\/de\/wp-json\/wp\/v2\/media\/295359"}],"wp:attachment":[{"href":"https:\/\/nortvi.com\/de\/wp-json\/wp\/v2\/media?parent=254238"}],"wp:term":[{"taxonomy":"product_brand","embeddable":true,"href":"https:\/\/nortvi.com\/de\/wp-json\/wp\/v2\/product_brand?post=254238"},{"taxonomy":"product_cat","embeddable":true,"href":"https:\/\/nortvi.com\/de\/wp-json\/wp\/v2\/product_cat?post=254238"},{"taxonomy":"product_tag","embeddable":true,"href":"https:\/\/nortvi.com\/de\/wp-json\/wp\/v2\/product_tag?post=254238"}],"curies":[{"name":"wp","href":"https:\/\/api.w.org\/{rel}","templated":true}]}}