{"id":246888,"date":"2023-01-11T17:09:01","date_gmt":"2023-01-11T16:09:01","guid":{"rendered":"https:\/\/nortvi-prod.wdc.app\/?post_type=product&#038;p=246888"},"modified":"2025-12-22T13:55:32","modified_gmt":"2025-12-22T12:55:32","slug":"kofferset-3-teilig","status":"publish","type":"product","link":"https:\/\/nortvi.com\/de\/produkt\/kofferset-3-teilig\/","title":{"rendered":"3-teiliges Kofferset"},"content":{"rendered":"<p>Entdecken Sie das komplette Set bestehend aus unserem Handgep\u00e4ckkoffer, Check-In M und Check-In L. Zusammen in einem Set. Die Koffer werden aus hochwertigem und umweltfreundlichem deutschen Polycarbonat hergestellt \u2013 einem leichten, f\u00fcr die Luft- und Raumfahrt geeigneten Material, das nahezu vollkommen bruchfest ist. In der einzigartig gestalteten und wasserfesten Fronttasche k\u00f6nnen Sie einen Laptop bis zu 16 Zoll, ein Tablet und Reisezubeh\u00f6r problemlos mitnehmen, ohne den Koffer \u00f6ffnen zu m\u00fcssen. Die robusten Check-In Koffer haben 77 und 100 Liter Stauraum und sind die perfekten Koffer f\u00fcr eine lange Reise.<\/p>\n\n\n<p><\/p>\n","protected":false},"excerpt":{"rendered":"<p>Entdecken Sie das komplette Set bestehend aus unserem Handgep\u00e4ckkoffer, Check-In M und Check-In L. Zusammen in einem Set. Die Koffer werden aus hochwertigem und umweltfreundlichem deutschen Polycarbonat hergestellt \u2013 einem leichten, f\u00fcr die Luft- und Raumfahrt geeigneten Material, das nahezu vollkommen bruchfest ist. In der einzigartig gestalteten und wasserfesten Fronttasche k\u00f6nnen Sie einen Laptop bis zu 16 Zoll, ein Tablet und Reisezubeh\u00f6r problemlos mitnehmen, ohne den Koffer \u00f6ffnen zu m\u00fcssen. Die robusten Check-In Koffer haben 77 und 100 Liter Stauraum und sind die perfekten Koffer f\u00fcr eine lange Reise.<\/p>\n","protected":false},"featured_media":293501,"template":"","meta":{"_acf_changed":false,"footnotes":""},"product_brand":[],"product_cat":[190],"product_tag":[],"class_list":{"0":"post-246888","1":"product","2":"type-product","3":"status-publish","4":"has-post-thumbnail","6":"product_cat-kofferset","8":"first","9":"instock","10":"virtual","11":"taxable","12":"purchasable","13":"product-type-composite"},"composite_virtual":false,"composite_layout":"single","composite_add_to_cart_form_location":"default","composite_editable_in_cart":false,"composite_sold_individually_context":"product","composite_shop_price_calc":"hidden","composite_components":[{"id":"1646909241","title":"Cabin Luggage","description":"","query_type":"category_ids","query_ids":[147,146,177,218],"default_option_id":49720,"thumbnail_id":"","thumbnail_src":"","quantity_min":1,"quantity_max":1,"priced_individually":true,"shipped_individually":true,"optional":false,"discount":25,"options_style":"thumbnails","pagination_style":"classic","display_prices":"relative","show_sorting_options":false,"show_filtering_options":false,"attribute_filter_ids":[6],"select_action":"view","product_title_visible":true,"product_descr_visible":false,"product_price_visible":true,"product_thumb_visible":true,"subtotal_visible_product":true,"subtotal_visible_cart":true,"subtotal_visible_orders":true},{"id":"1646909242","title":"Check-in M","description":"","query_type":"category_ids","query_ids":[147,146,177,218],"default_option_id":52909,"thumbnail_id":"","thumbnail_src":"","quantity_min":1,"quantity_max":1,"priced_individually":true,"shipped_individually":true,"optional":false,"discount":25,"options_style":"thumbnails","pagination_style":"classic","display_prices":"relative","show_sorting_options":false,"show_filtering_options":false,"attribute_filter_ids":[5],"select_action":"view","product_title_visible":true,"product_descr_visible":false,"product_price_visible":true,"product_thumb_visible":true,"subtotal_visible_product":true,"subtotal_visible_cart":true,"subtotal_visible_orders":true},{"id":"1678805059","title":"Check-in L","description":"","query_type":"category_ids","query_ids":[147,146,177,218],"default_option_id":244253,"thumbnail_id":"","thumbnail_src":"","quantity_min":1,"quantity_max":1,"priced_individually":true,"shipped_individually":true,"optional":false,"discount":25,"options_style":"thumbnails","pagination_style":"classic","display_prices":"relative","show_sorting_options":false,"show_filtering_options":false,"attribute_filter_ids":[],"select_action":"view","product_title_visible":true,"product_descr_visible":false,"product_price_visible":true,"product_thumb_visible":true,"subtotal_visible_product":true,"subtotal_visible_cart":true,"subtotal_visible_orders":true}],"composite_scenarios":[],"acf":[],"yoast_head":"<!-- This site is optimized with the Yoast SEO Premium plugin v27.1 (Yoast SEO v27.3) - https:\/\/yoast.com\/product\/yoast-seo-premium-wordpress\/ -->\n<title>Kofferset 3 Teilig kaufen? Nachhaltig &amp; einzigartig<\/title>\n<meta name=\"description\" content=\"Unser 3-teiliges Kofferset vereint elegantes Design mit Nachhaltigkeit. Es besteht aus hochwertigen Materialien und kommt mit lebenslanger Garantie.\" \/>\n<meta name=\"robots\" content=\"index, follow, max-snippet:-1, max-image-preview:large, max-video-preview:-1\" \/>\n<link rel=\"canonical\" href=\"https:\/\/nortvi.com\/de\/produkt\/kofferset-3-teilig\/\" \/>\n<meta property=\"og:locale\" content=\"de_DE\" \/>\n<meta property=\"og:type\" content=\"article\" \/>\n<meta property=\"og:title\" content=\"3-teiliges Kofferset\" \/>\n<meta property=\"og:description\" content=\"Unser 3-teiliges Kofferset vereint elegantes Design mit Nachhaltigkeit. Es besteht aus hochwertigen Materialien und kommt mit lebenslanger Garantie.\" \/>\n<meta property=\"og:url\" content=\"https:\/\/nortvi.com\/de\/produkt\/kofferset-3-teilig\/\" \/>\n<meta property=\"og:site_name\" content=\"NORTVI\" \/>\n<meta property=\"article:modified_time\" content=\"2025-12-22T12:55:32+00:00\" \/>\n<meta property=\"og:image\" content=\"https:\/\/nortvi.com\/wp-content\/uploads\/2023\/01\/Set-L-combined-new-1.jpg\" \/>\n\t<meta property=\"og:image:width\" content=\"2000\" \/>\n\t<meta property=\"og:image:height\" content=\"2000\" \/>\n\t<meta property=\"og:image:type\" content=\"image\/jpeg\" \/>\n<meta name=\"twitter:card\" content=\"summary_large_image\" \/>\n<meta name=\"twitter:label1\" content=\"Preis\" \/>\n\t<meta name=\"twitter:data1\" content=\"&euro;0.00\" \/>\n\t<meta name=\"twitter:label2\" content=\"Verf\u00fcgbarkeit\" \/>\n\t<meta name=\"twitter:data2\" content=\"Auf Lager\" \/>\n<script type=\"application\/ld+json\" class=\"yoast-schema-graph\">{\"@context\":\"https:\\\/\\\/schema.org\",\"@graph\":[{\"@type\":\"WebPage\",\"@id\":\"https:\\\/\\\/nortvi.com\\\/de\\\/produkt\\\/kofferset-3-teilig\\\/\",\"url\":\"https:\\\/\\\/nortvi.com\\\/de\\\/produkt\\\/kofferset-3-teilig\\\/\",\"name\":\"Kofferset 3 Teilig kaufen? Nachhaltig & einzigartig\",\"isPartOf\":{\"@id\":\"https:\\\/\\\/nortvi.com\\\/de\\\/#website\"},\"primaryImageOfPage\":{\"@id\":\"https:\\\/\\\/nortvi.com\\\/de\\\/produkt\\\/kofferset-3-teilig\\\/#primaryimage\"},\"image\":{\"@id\":\"https:\\\/\\\/nortvi.com\\\/de\\\/produkt\\\/kofferset-3-teilig\\\/#primaryimage\"},\"thumbnailUrl\":\"https:\\\/\\\/nortvi.com\\\/wp-content\\\/uploads\\\/2023\\\/01\\\/Set-L-combined-new-1.jpg\",\"datePublished\":\"2023-01-11T16:09:01+00:00\",\"dateModified\":\"2025-12-22T12:55:32+00:00\",\"description\":\"Unser 3-teiliges Kofferset vereint elegantes Design mit Nachhaltigkeit. Es besteht aus hochwertigen Materialien und kommt mit lebenslanger Garantie.\",\"breadcrumb\":{\"@id\":\"https:\\\/\\\/nortvi.com\\\/de\\\/produkt\\\/kofferset-3-teilig\\\/#breadcrumb\"},\"inLanguage\":\"de\",\"potentialAction\":[{\"@type\":\"ReadAction\",\"target\":[\"https:\\\/\\\/nortvi.com\\\/de\\\/produkt\\\/kofferset-3-teilig\\\/\"]}]},{\"@type\":\"ImageObject\",\"inLanguage\":\"de\",\"@id\":\"https:\\\/\\\/nortvi.com\\\/de\\\/produkt\\\/kofferset-3-teilig\\\/#primaryimage\",\"url\":\"https:\\\/\\\/nortvi.com\\\/wp-content\\\/uploads\\\/2023\\\/01\\\/Set-L-combined-new-1.jpg\",\"contentUrl\":\"https:\\\/\\\/nortvi.com\\\/wp-content\\\/uploads\\\/2023\\\/01\\\/Set-L-combined-new-1.jpg\",\"width\":2000,\"height\":2000},{\"@type\":\"BreadcrumbList\",\"@id\":\"https:\\\/\\\/nortvi.com\\\/de\\\/produkt\\\/kofferset-3-teilig\\\/#breadcrumb\",\"itemListElement\":[{\"@type\":\"ListItem\",\"position\":1,\"name\":\"Home\",\"item\":\"https:\\\/\\\/nortvi.com\\\/de\\\/\"},{\"@type\":\"ListItem\",\"position\":2,\"name\":\"Shop\",\"item\":\"https:\\\/\\\/nortvi.com\\\/de\\\/shop\\\/\"},{\"@type\":\"ListItem\",\"position\":3,\"name\":\"Koffersets\",\"item\":\"https:\\\/\\\/nortvi.com\\\/de\\\/kofferset\\\/\"},{\"@type\":\"ListItem\",\"position\":4,\"name\":\"3-teiliges Kofferset\"}]},{\"@type\":\"WebSite\",\"@id\":\"https:\\\/\\\/nortvi.com\\\/de\\\/#website\",\"url\":\"https:\\\/\\\/nortvi.com\\\/de\\\/\",\"name\":\"NORTVI\",\"description\":\"Sustainable travel gear\",\"publisher\":{\"@id\":\"https:\\\/\\\/nortvi.com\\\/de\\\/#organization\"},\"potentialAction\":[{\"@type\":\"SearchAction\",\"target\":{\"@type\":\"EntryPoint\",\"urlTemplate\":\"https:\\\/\\\/nortvi.com\\\/de\\\/?s={search_term_string}\"},\"query-input\":{\"@type\":\"PropertyValueSpecification\",\"valueRequired\":true,\"valueName\":\"search_term_string\"}}],\"inLanguage\":\"de\"},{\"@type\":\"Organization\",\"@id\":\"https:\\\/\\\/nortvi.com\\\/de\\\/#organization\",\"name\":\"NORTVI\",\"url\":\"https:\\\/\\\/nortvi.com\\\/de\\\/\",\"logo\":{\"@type\":\"ImageObject\",\"inLanguage\":\"de\",\"@id\":\"https:\\\/\\\/nortvi.com\\\/de\\\/#\\\/schema\\\/logo\\\/image\\\/\",\"url\":\"https:\\\/\\\/nortvi.com\\\/wp-content\\\/uploads\\\/2023\\\/09\\\/cropped-logo-footer.png\",\"contentUrl\":\"https:\\\/\\\/nortvi.com\\\/wp-content\\\/uploads\\\/2023\\\/09\\\/cropped-logo-footer.png\",\"width\":300,\"height\":46,\"caption\":\"NORTVI\"},\"image\":{\"@id\":\"https:\\\/\\\/nortvi.com\\\/de\\\/#\\\/schema\\\/logo\\\/image\\\/\"},\"sameAs\":[\"https:\\\/\\\/www.instagram.com\\\/nortvi\\\/\"]}]}<\/script>\n<meta property=\"product:price:amount\" content=\"0.00\" \/>\n<meta property=\"product:price:currency\" content=\"EUR\" \/>\n<meta property=\"og:availability\" content=\"instock\" \/>\n<meta property=\"product:availability\" content=\"instock\" \/>\n<meta property=\"product:retailer_item_id\" content=\"thefullset\" \/>\n<meta property=\"product:condition\" content=\"new\" \/>\n<!-- \/ Yoast SEO Premium plugin. -->","yoast_head_json":{"title":"Kofferset 3 Teilig kaufen? Nachhaltig & einzigartig","description":"Unser 3-teiliges Kofferset vereint elegantes Design mit Nachhaltigkeit. Es besteht aus hochwertigen Materialien und kommt mit lebenslanger Garantie.","robots":{"index":"index","follow":"follow","max-snippet":"max-snippet:-1","max-image-preview":"max-image-preview:large","max-video-preview":"max-video-preview:-1"},"canonical":"https:\/\/nortvi.com\/de\/produkt\/kofferset-3-teilig\/","og_locale":"de_DE","og_type":"article","og_title":"3-teiliges Kofferset","og_description":"Unser 3-teiliges Kofferset vereint elegantes Design mit Nachhaltigkeit. Es besteht aus hochwertigen Materialien und kommt mit lebenslanger Garantie.","og_url":"https:\/\/nortvi.com\/de\/produkt\/kofferset-3-teilig\/","og_site_name":"NORTVI","article_modified_time":"2025-12-22T12:55:32+00:00","og_image":[{"width":2000,"height":2000,"url":"https:\/\/nortvi.com\/wp-content\/uploads\/2023\/01\/Set-L-combined-new-1.jpg","type":"image\/jpeg"}],"twitter_card":"summary_large_image","twitter_misc":{"Preis":"&euro;0.00","Verf\u00fcgbarkeit":"Auf Lager"},"schema":{"@context":"https:\/\/schema.org","@graph":[{"@type":"WebPage","@id":"https:\/\/nortvi.com\/de\/produkt\/kofferset-3-teilig\/","url":"https:\/\/nortvi.com\/de\/produkt\/kofferset-3-teilig\/","name":"Kofferset 3 Teilig kaufen? Nachhaltig & einzigartig","isPartOf":{"@id":"https:\/\/nortvi.com\/de\/#website"},"primaryImageOfPage":{"@id":"https:\/\/nortvi.com\/de\/produkt\/kofferset-3-teilig\/#primaryimage"},"image":{"@id":"https:\/\/nortvi.com\/de\/produkt\/kofferset-3-teilig\/#primaryimage"},"thumbnailUrl":"https:\/\/nortvi.com\/wp-content\/uploads\/2023\/01\/Set-L-combined-new-1.jpg","datePublished":"2023-01-11T16:09:01+00:00","dateModified":"2025-12-22T12:55:32+00:00","description":"Unser 3-teiliges Kofferset vereint elegantes Design mit Nachhaltigkeit. Es besteht aus hochwertigen Materialien und kommt mit lebenslanger Garantie.","breadcrumb":{"@id":"https:\/\/nortvi.com\/de\/produkt\/kofferset-3-teilig\/#breadcrumb"},"inLanguage":"de","potentialAction":[{"@type":"ReadAction","target":["https:\/\/nortvi.com\/de\/produkt\/kofferset-3-teilig\/"]}]},{"@type":"ImageObject","inLanguage":"de","@id":"https:\/\/nortvi.com\/de\/produkt\/kofferset-3-teilig\/#primaryimage","url":"https:\/\/nortvi.com\/wp-content\/uploads\/2023\/01\/Set-L-combined-new-1.jpg","contentUrl":"https:\/\/nortvi.com\/wp-content\/uploads\/2023\/01\/Set-L-combined-new-1.jpg","width":2000,"height":2000},{"@type":"BreadcrumbList","@id":"https:\/\/nortvi.com\/de\/produkt\/kofferset-3-teilig\/#breadcrumb","itemListElement":[{"@type":"ListItem","position":1,"name":"Home","item":"https:\/\/nortvi.com\/de\/"},{"@type":"ListItem","position":2,"name":"Shop","item":"https:\/\/nortvi.com\/de\/shop\/"},{"@type":"ListItem","position":3,"name":"Koffersets","item":"https:\/\/nortvi.com\/de\/kofferset\/"},{"@type":"ListItem","position":4,"name":"3-teiliges Kofferset"}]},{"@type":"WebSite","@id":"https:\/\/nortvi.com\/de\/#website","url":"https:\/\/nortvi.com\/de\/","name":"NORTVI","description":"Sustainable travel gear","publisher":{"@id":"https:\/\/nortvi.com\/de\/#organization"},"potentialAction":[{"@type":"SearchAction","target":{"@type":"EntryPoint","urlTemplate":"https:\/\/nortvi.com\/de\/?s={search_term_string}"},"query-input":{"@type":"PropertyValueSpecification","valueRequired":true,"valueName":"search_term_string"}}],"inLanguage":"de"},{"@type":"Organization","@id":"https:\/\/nortvi.com\/de\/#organization","name":"NORTVI","url":"https:\/\/nortvi.com\/de\/","logo":{"@type":"ImageObject","inLanguage":"de","@id":"https:\/\/nortvi.com\/de\/#\/schema\/logo\/image\/","url":"https:\/\/nortvi.com\/wp-content\/uploads\/2023\/09\/cropped-logo-footer.png","contentUrl":"https:\/\/nortvi.com\/wp-content\/uploads\/2023\/09\/cropped-logo-footer.png","width":300,"height":46,"caption":"NORTVI"},"image":{"@id":"https:\/\/nortvi.com\/de\/#\/schema\/logo\/image\/"},"sameAs":["https:\/\/www.instagram.com\/nortvi\/"]}]},"product_price_amount":"0.00","product_price_currency":"EUR","og_availability":"instock","product_availability":"instock","product_retailer_item_id":"thefullset","product_condition":"new"},"_links":{"self":[{"href":"https:\/\/nortvi.com\/de\/wp-json\/wp\/v2\/product\/246888","targetHints":{"allow":["GET"]}}],"collection":[{"href":"https:\/\/nortvi.com\/de\/wp-json\/wp\/v2\/product"}],"about":[{"href":"https:\/\/nortvi.com\/de\/wp-json\/wp\/v2\/types\/product"}],"version-history":[{"count":0,"href":"https:\/\/nortvi.com\/de\/wp-json\/wp\/v2\/product\/246888\/revisions"}],"wp:featuredmedia":[{"embeddable":true,"href":"https:\/\/nortvi.com\/de\/wp-json\/wp\/v2\/media\/293501"}],"wp:attachment":[{"href":"https:\/\/nortvi.com\/de\/wp-json\/wp\/v2\/media?parent=246888"}],"wp:term":[{"taxonomy":"product_brand","embeddable":true,"href":"https:\/\/nortvi.com\/de\/wp-json\/wp\/v2\/product_brand?post=246888"},{"taxonomy":"product_cat","embeddable":true,"href":"https:\/\/nortvi.com\/de\/wp-json\/wp\/v2\/product_cat?post=246888"},{"taxonomy":"product_tag","embeddable":true,"href":"https:\/\/nortvi.com\/de\/wp-json\/wp\/v2\/product_tag?post=246888"}],"curies":[{"name":"wp","href":"https:\/\/api.w.org\/{rel}","templated":true}]}}