{"id":246065,"date":"2023-01-09T16:04:54","date_gmt":"2023-01-09T15:04:54","guid":{"rendered":"https:\/\/nortvi-prod.wdc.app\/?post_type=product&#038;p=246065"},"modified":"2025-12-08T11:22:04","modified_gmt":"2025-12-08T10:22:04","slug":"large-check-in-clay","status":"publish","type":"product","link":"https:\/\/nortvi.com\/de\/produkt\/large-check-in-clay\/","title":{"rendered":"Large Check-In Clay"},"content":{"rendered":"<p>Unser einzigartiger large Check-In Koffer. Dieser au\u00dfergew\u00f6hnliche Koffer wird aus hochwertigem, umweltfreundlichem deutschen Polycarbonat hergestellt &#8211; einem leichten, f\u00fcr die Luft- und Raumfahrt geeigneten Material, das nahezu vollkommen bruchfest ist. Der Koffer ist mit den hochwertigsten und ger\u00e4usch\u00e4rmsten Hinomoto Silent Run-R\u00e4dern ausgestattet. Unser Check-In Koffer hat erstaunliche 100 Liter Packvolumen und bietet den gr\u00f6\u00dften Innenraum seiner Kategorie mit perfekt angeordneten Packf\u00e4chern. Der perfekte Koffer f\u00fcr eine lange Reise.<\/p>\n","protected":false},"excerpt":{"rendered":"<p>Unser einzigartiger large Check-In Koffer. Dieser au\u00dfergew\u00f6hnliche Koffer wird aus hochwertigem, umweltfreundlichem deutschen Polycarbonat hergestellt &#8211; einem leichten, f\u00fcr die Luft- und Raumfahrt geeigneten Material, das nahezu vollkommen bruchfest ist. Der Koffer ist mit den hochwertigsten und ger\u00e4usch\u00e4rmsten Hinomoto Silent Run-R\u00e4dern ausgestattet. Unser Check-In Koffer hat erstaunliche 100 Liter Packvolumen und bietet den gr\u00f6\u00dften Innenraum seiner Kategorie mit perfekt angeordneten Packf\u00e4chern. Der perfekte Koffer f\u00fcr eine lange Reise.<\/p>\n","protected":false},"featured_media":303809,"template":"","meta":{"_acf_changed":false,"footnotes":""},"product_brand":[],"product_cat":[218],"product_tag":[],"class_list":{"0":"post-246065","1":"product","2":"type-product","3":"status-publish","4":"has-post-thumbnail","6":"product_cat-large-check-in-de","8":"first","9":"instock","10":"taxable","11":"shipping-taxable","12":"purchasable","13":"product-type-simple"},"composite_virtual":false,"composite_layout":"","composite_add_to_cart_form_location":"","composite_editable_in_cart":false,"composite_sold_individually_context":"","composite_shop_price_calc":"","composite_components":[],"composite_scenarios":[],"acf":[],"yoast_head":"<!-- This site is optimized with the Yoast SEO Premium plugin v27.1 (Yoast SEO v27.3) - https:\/\/yoast.com\/product\/yoast-seo-premium-wordpress\/ -->\n<title>Reisekoffer 100L kaufen | Braun | Premium Hartschalenkoffer<\/title>\n<meta name=\"description\" content=\"Der gro\u00dfe Reisekoffer in der Farbe Braun ist leicht und bietet 100 Liter Stauraum. Der perfekte Hartschalenkoffer mit lebenslanger Garantie.\" \/>\n<meta name=\"robots\" content=\"index, follow, max-snippet:-1, max-image-preview:large, max-video-preview:-1\" \/>\n<link rel=\"canonical\" href=\"https:\/\/nortvi.com\/de\/produkt\/large-check-in-clay\/\" \/>\n<meta property=\"og:locale\" content=\"de_DE\" \/>\n<meta property=\"og:type\" content=\"article\" \/>\n<meta property=\"og:title\" content=\"Large Check-In Clay\" \/>\n<meta property=\"og:description\" content=\"Der gro\u00dfe Reisekoffer in der Farbe Braun ist leicht und bietet 100 Liter Stauraum. Der perfekte Hartschalenkoffer mit lebenslanger Garantie.\" \/>\n<meta property=\"og:url\" content=\"https:\/\/nortvi.com\/de\/produkt\/large-check-in-clay\/\" \/>\n<meta property=\"og:site_name\" content=\"NORTVI\" \/>\n<meta property=\"article:modified_time\" content=\"2025-12-08T10:22:04+00:00\" \/>\n<meta property=\"og:image\" content=\"https:\/\/nortvi.com\/wp-content\/uploads\/2023\/01\/clay-l-front-1-scaled.jpg\" \/>\n\t<meta property=\"og:image:width\" content=\"3840\" \/>\n\t<meta property=\"og:image:height\" content=\"3840\" \/>\n\t<meta property=\"og:image:type\" content=\"image\/jpeg\" \/>\n<meta name=\"twitter:card\" content=\"summary_large_image\" \/>\n<meta name=\"twitter:label1\" content=\"Preis\" \/>\n\t<meta name=\"twitter:data1\" content=\"&euro;309.00\" \/>\n\t<meta name=\"twitter:label2\" content=\"Verf\u00fcgbarkeit\" \/>\n\t<meta name=\"twitter:data2\" content=\"Auf Lager\" \/>\n<script type=\"application\/ld+json\" class=\"yoast-schema-graph\">{\"@context\":\"https:\\\/\\\/schema.org\",\"@graph\":[{\"@type\":\"WebPage\",\"@id\":\"https:\\\/\\\/nortvi.com\\\/de\\\/produkt\\\/large-check-in-clay\\\/\",\"url\":\"https:\\\/\\\/nortvi.com\\\/de\\\/produkt\\\/large-check-in-clay\\\/\",\"name\":\"Reisekoffer 100L kaufen | Braun | Premium Hartschalenkoffer\",\"isPartOf\":{\"@id\":\"https:\\\/\\\/nortvi.com\\\/de\\\/#website\"},\"primaryImageOfPage\":{\"@id\":\"https:\\\/\\\/nortvi.com\\\/de\\\/produkt\\\/large-check-in-clay\\\/#primaryimage\"},\"image\":{\"@id\":\"https:\\\/\\\/nortvi.com\\\/de\\\/produkt\\\/large-check-in-clay\\\/#primaryimage\"},\"thumbnailUrl\":\"https:\\\/\\\/nortvi.com\\\/wp-content\\\/uploads\\\/2023\\\/01\\\/clay-l-front-1-scaled.jpg\",\"datePublished\":\"2023-01-09T15:04:54+00:00\",\"dateModified\":\"2025-12-08T10:22:04+00:00\",\"description\":\"Der gro\u00dfe Reisekoffer in der Farbe Braun ist leicht und bietet 100 Liter Stauraum. Der perfekte Hartschalenkoffer mit lebenslanger Garantie.\",\"breadcrumb\":{\"@id\":\"https:\\\/\\\/nortvi.com\\\/de\\\/produkt\\\/large-check-in-clay\\\/#breadcrumb\"},\"inLanguage\":\"de\",\"potentialAction\":[{\"@type\":\"ReadAction\",\"target\":[\"https:\\\/\\\/nortvi.com\\\/de\\\/produkt\\\/large-check-in-clay\\\/\"]}]},{\"@type\":\"ImageObject\",\"inLanguage\":\"de\",\"@id\":\"https:\\\/\\\/nortvi.com\\\/de\\\/produkt\\\/large-check-in-clay\\\/#primaryimage\",\"url\":\"https:\\\/\\\/nortvi.com\\\/wp-content\\\/uploads\\\/2023\\\/01\\\/clay-l-front-1-scaled.jpg\",\"contentUrl\":\"https:\\\/\\\/nortvi.com\\\/wp-content\\\/uploads\\\/2023\\\/01\\\/clay-l-front-1-scaled.jpg\",\"width\":3840,\"height\":3840},{\"@type\":\"BreadcrumbList\",\"@id\":\"https:\\\/\\\/nortvi.com\\\/de\\\/produkt\\\/large-check-in-clay\\\/#breadcrumb\",\"itemListElement\":[{\"@type\":\"ListItem\",\"position\":1,\"name\":\"Home\",\"item\":\"https:\\\/\\\/nortvi.com\\\/de\\\/\"},{\"@type\":\"ListItem\",\"position\":2,\"name\":\"Shop\",\"item\":\"https:\\\/\\\/nortvi.com\\\/de\\\/shop\\\/\"},{\"@type\":\"ListItem\",\"position\":3,\"name\":\"Check-in-Reisekoffer\",\"item\":\"https:\\\/\\\/nortvi.com\\\/de\\\/check-in\\\/\"},{\"@type\":\"ListItem\",\"position\":4,\"name\":\"Large Check-In\",\"item\":\"https:\\\/\\\/nortvi.com\\\/de\\\/check-in\\\/large-check-in-de\\\/\"},{\"@type\":\"ListItem\",\"position\":5,\"name\":\"Large Check-In Clay\"}]},{\"@type\":\"WebSite\",\"@id\":\"https:\\\/\\\/nortvi.com\\\/de\\\/#website\",\"url\":\"https:\\\/\\\/nortvi.com\\\/de\\\/\",\"name\":\"NORTVI\",\"description\":\"Sustainable travel gear\",\"publisher\":{\"@id\":\"https:\\\/\\\/nortvi.com\\\/de\\\/#organization\"},\"potentialAction\":[{\"@type\":\"SearchAction\",\"target\":{\"@type\":\"EntryPoint\",\"urlTemplate\":\"https:\\\/\\\/nortvi.com\\\/de\\\/?s={search_term_string}\"},\"query-input\":{\"@type\":\"PropertyValueSpecification\",\"valueRequired\":true,\"valueName\":\"search_term_string\"}}],\"inLanguage\":\"de\"},{\"@type\":\"Organization\",\"@id\":\"https:\\\/\\\/nortvi.com\\\/de\\\/#organization\",\"name\":\"NORTVI\",\"url\":\"https:\\\/\\\/nortvi.com\\\/de\\\/\",\"logo\":{\"@type\":\"ImageObject\",\"inLanguage\":\"de\",\"@id\":\"https:\\\/\\\/nortvi.com\\\/de\\\/#\\\/schema\\\/logo\\\/image\\\/\",\"url\":\"https:\\\/\\\/nortvi.com\\\/wp-content\\\/uploads\\\/2023\\\/09\\\/cropped-logo-footer.png\",\"contentUrl\":\"https:\\\/\\\/nortvi.com\\\/wp-content\\\/uploads\\\/2023\\\/09\\\/cropped-logo-footer.png\",\"width\":300,\"height\":46,\"caption\":\"NORTVI\"},\"image\":{\"@id\":\"https:\\\/\\\/nortvi.com\\\/de\\\/#\\\/schema\\\/logo\\\/image\\\/\"},\"sameAs\":[\"https:\\\/\\\/www.instagram.com\\\/nortvi\\\/\"]}]}<\/script>\n<meta property=\"product:price:amount\" content=\"309.00\" \/>\n<meta property=\"product:price:currency\" content=\"EUR\" \/>\n<meta property=\"og:availability\" content=\"instock\" \/>\n<meta property=\"product:availability\" content=\"instock\" \/>\n<meta property=\"product:retailer_item_id\" content=\"8720618379382\" \/>\n<meta property=\"product:condition\" content=\"new\" \/>\n<!-- \/ Yoast SEO Premium plugin. -->","yoast_head_json":{"title":"Reisekoffer 100L kaufen | Braun | Premium Hartschalenkoffer","description":"Der gro\u00dfe Reisekoffer in der Farbe Braun ist leicht und bietet 100 Liter Stauraum. Der perfekte Hartschalenkoffer mit lebenslanger Garantie.","robots":{"index":"index","follow":"follow","max-snippet":"max-snippet:-1","max-image-preview":"max-image-preview:large","max-video-preview":"max-video-preview:-1"},"canonical":"https:\/\/nortvi.com\/de\/produkt\/large-check-in-clay\/","og_locale":"de_DE","og_type":"article","og_title":"Large Check-In Clay","og_description":"Der gro\u00dfe Reisekoffer in der Farbe Braun ist leicht und bietet 100 Liter Stauraum. Der perfekte Hartschalenkoffer mit lebenslanger Garantie.","og_url":"https:\/\/nortvi.com\/de\/produkt\/large-check-in-clay\/","og_site_name":"NORTVI","article_modified_time":"2025-12-08T10:22:04+00:00","og_image":[{"width":3840,"height":3840,"url":"https:\/\/nortvi.com\/wp-content\/uploads\/2023\/01\/clay-l-front-1-scaled.jpg","type":"image\/jpeg"}],"twitter_card":"summary_large_image","twitter_misc":{"Preis":"&euro;309.00","Verf\u00fcgbarkeit":"Auf Lager"},"schema":{"@context":"https:\/\/schema.org","@graph":[{"@type":"WebPage","@id":"https:\/\/nortvi.com\/de\/produkt\/large-check-in-clay\/","url":"https:\/\/nortvi.com\/de\/produkt\/large-check-in-clay\/","name":"Reisekoffer 100L kaufen | Braun | Premium Hartschalenkoffer","isPartOf":{"@id":"https:\/\/nortvi.com\/de\/#website"},"primaryImageOfPage":{"@id":"https:\/\/nortvi.com\/de\/produkt\/large-check-in-clay\/#primaryimage"},"image":{"@id":"https:\/\/nortvi.com\/de\/produkt\/large-check-in-clay\/#primaryimage"},"thumbnailUrl":"https:\/\/nortvi.com\/wp-content\/uploads\/2023\/01\/clay-l-front-1-scaled.jpg","datePublished":"2023-01-09T15:04:54+00:00","dateModified":"2025-12-08T10:22:04+00:00","description":"Der gro\u00dfe Reisekoffer in der Farbe Braun ist leicht und bietet 100 Liter Stauraum. Der perfekte Hartschalenkoffer mit lebenslanger Garantie.","breadcrumb":{"@id":"https:\/\/nortvi.com\/de\/produkt\/large-check-in-clay\/#breadcrumb"},"inLanguage":"de","potentialAction":[{"@type":"ReadAction","target":["https:\/\/nortvi.com\/de\/produkt\/large-check-in-clay\/"]}]},{"@type":"ImageObject","inLanguage":"de","@id":"https:\/\/nortvi.com\/de\/produkt\/large-check-in-clay\/#primaryimage","url":"https:\/\/nortvi.com\/wp-content\/uploads\/2023\/01\/clay-l-front-1-scaled.jpg","contentUrl":"https:\/\/nortvi.com\/wp-content\/uploads\/2023\/01\/clay-l-front-1-scaled.jpg","width":3840,"height":3840},{"@type":"BreadcrumbList","@id":"https:\/\/nortvi.com\/de\/produkt\/large-check-in-clay\/#breadcrumb","itemListElement":[{"@type":"ListItem","position":1,"name":"Home","item":"https:\/\/nortvi.com\/de\/"},{"@type":"ListItem","position":2,"name":"Shop","item":"https:\/\/nortvi.com\/de\/shop\/"},{"@type":"ListItem","position":3,"name":"Check-in-Reisekoffer","item":"https:\/\/nortvi.com\/de\/check-in\/"},{"@type":"ListItem","position":4,"name":"Large Check-In","item":"https:\/\/nortvi.com\/de\/check-in\/large-check-in-de\/"},{"@type":"ListItem","position":5,"name":"Large Check-In Clay"}]},{"@type":"WebSite","@id":"https:\/\/nortvi.com\/de\/#website","url":"https:\/\/nortvi.com\/de\/","name":"NORTVI","description":"Sustainable travel gear","publisher":{"@id":"https:\/\/nortvi.com\/de\/#organization"},"potentialAction":[{"@type":"SearchAction","target":{"@type":"EntryPoint","urlTemplate":"https:\/\/nortvi.com\/de\/?s={search_term_string}"},"query-input":{"@type":"PropertyValueSpecification","valueRequired":true,"valueName":"search_term_string"}}],"inLanguage":"de"},{"@type":"Organization","@id":"https:\/\/nortvi.com\/de\/#organization","name":"NORTVI","url":"https:\/\/nortvi.com\/de\/","logo":{"@type":"ImageObject","inLanguage":"de","@id":"https:\/\/nortvi.com\/de\/#\/schema\/logo\/image\/","url":"https:\/\/nortvi.com\/wp-content\/uploads\/2023\/09\/cropped-logo-footer.png","contentUrl":"https:\/\/nortvi.com\/wp-content\/uploads\/2023\/09\/cropped-logo-footer.png","width":300,"height":46,"caption":"NORTVI"},"image":{"@id":"https:\/\/nortvi.com\/de\/#\/schema\/logo\/image\/"},"sameAs":["https:\/\/www.instagram.com\/nortvi\/"]}]},"product_price_amount":"309.00","product_price_currency":"EUR","og_availability":"instock","product_availability":"instock","product_retailer_item_id":"8720618379382","product_condition":"new"},"_links":{"self":[{"href":"https:\/\/nortvi.com\/de\/wp-json\/wp\/v2\/product\/246065","targetHints":{"allow":["GET"]}}],"collection":[{"href":"https:\/\/nortvi.com\/de\/wp-json\/wp\/v2\/product"}],"about":[{"href":"https:\/\/nortvi.com\/de\/wp-json\/wp\/v2\/types\/product"}],"version-history":[{"count":0,"href":"https:\/\/nortvi.com\/de\/wp-json\/wp\/v2\/product\/246065\/revisions"}],"wp:featuredmedia":[{"embeddable":true,"href":"https:\/\/nortvi.com\/de\/wp-json\/wp\/v2\/media\/303809"}],"wp:attachment":[{"href":"https:\/\/nortvi.com\/de\/wp-json\/wp\/v2\/media?parent=246065"}],"wp:term":[{"taxonomy":"product_brand","embeddable":true,"href":"https:\/\/nortvi.com\/de\/wp-json\/wp\/v2\/product_brand?post=246065"},{"taxonomy":"product_cat","embeddable":true,"href":"https:\/\/nortvi.com\/de\/wp-json\/wp\/v2\/product_cat?post=246065"},{"taxonomy":"product_tag","embeddable":true,"href":"https:\/\/nortvi.com\/de\/wp-json\/wp\/v2\/product_tag?post=246065"}],"curies":[{"name":"wp","href":"https:\/\/api.w.org\/{rel}","templated":true}]}}