{"id":53923,"date":"2020-03-19T15:01:23","date_gmt":"2020-03-19T14:01:23","guid":{"rendered":"https:\/\/nortvi-prod.wdc.app\/warranty\/"},"modified":"2026-03-12T14:19:39","modified_gmt":"2026-03-12T13:19:39","slug":"garantie","status":"publish","type":"page","link":"https:\/\/nortvi.com\/de\/garantie\/","title":{"rendered":"Unsere Garantie"},"content":{"rendered":"\n<p><\/p>\n\n\n\n<div style=\"height:107px\" aria-hidden=\"true\" class=\"wp-block-spacer\"><\/div>\n\n\n\n<p class=\"has-large-font-size\">Unsere Garantie<\/p>\n\n\n\n<p><\/p>\n\n\n\n<p>Es ist unsere Aufgabe, Reisegep\u00e4ck zu kreieren, das f\u00fcr ein Leben lang konzipiert ist. Wir verpflichten uns, nur die besten Materialien zu verwenden, damit Sie Ihre Koffer viele Jahre lang nutzen und dabei die h\u00f6chste Qualit\u00e4t erhalten.<\/p>\n\n\n\n<p>Unser Reisegep\u00e4ck wird gr\u00fcndlichen Tests unterzogen, um sicherzustellen, dass es unsere umfangreichen Qualit\u00e4tskontrollen besteht. Wir glauben an unsere Produkte und gew\u00e4hren daher eine lebenslange Garantie, einschlie\u00dflich Reparaturen an unseren Koffern. Die Bedingungen sind nachstehend aufgef\u00fchrt:<\/p>\n\n\n\n<p>NORTVI gew\u00e4hrt eine lebenslange Garantie auf seine Koffer gegen Material- und\/oder Herstellungsfehler, die den normalen Gebrauch beeintr\u00e4chtigen k\u00f6nnen, mit Ausnahme des Cabin S, f\u00fcr den eine Garantie von 5 Jahren gilt. Bitte registrieren Sie Ihren Koffer innerhalb von 30 Tagen nach dem Kauf, um Ihre lebenslange Koffergarantie zu aktivieren. Sie k\u00f6nnen sich \u00fcber den folgenden <a href=\"https:\/\/www.nortvi.com\/warranty-activation\/\">Link<\/a> registrieren. Wenn Sie sich nicht innerhalb von 30 Tagen registrieren, gilt eine zweij\u00e4hrige Garantiefrist. Die Garantie wird ausschlie\u00dflich dem registrierten Ersteigent\u00fcmer gew\u00e4hrt, beginnt mit dem Kaufdatum und ist nur f\u00fcr den Zeitraum g\u00fcltig, in dem das Gep\u00e4ck im Besitz des urspr\u00fcnglichen K\u00e4ufers ist.<\/p>\n\n\n\n<p>NORTVI bietet eine Garantie von zwei (2) Jahren auf all seine Taschen gegen Material- und\/oder Herstellungsfehler, die den normalen Gebrauch beeintr\u00e4chtigen k\u00f6nnen.<\/p>\n\n\n\n<p>Die Garantie gilt nicht in den folgenden F\u00e4llen:<\/p>\n\n\n\n<p>(a) Wenn es sich um Abnutzung durch normalen Gebrauch handelt.<br>(b) Wenn an dem Produkt \u00c4nderungen vorgenommen wurden, einschlie\u00dflich Reparaturen, die nicht von NORTVI durchgef\u00fchrt wurden.<br>(c) Wenn der Original-Kaufbeleg nicht vorgelegt werden kann, ver\u00e4ndert oder unleserlich gemacht wurde.<br>(d) wenn der Mangel oder Schaden auf unsachgem\u00e4\u00dfen oder unbedachten Gebrauch zur\u00fcckzuf\u00fchren ist.<br>(e) Wenn der Defekt oder Schaden auf \u00e4u\u00dfere Ursachen oder auf eine dritte Partei, wie eine Fluggesellschaft oder einen Transportdienst, zur\u00fcckzuf\u00fchren ist. Sch\u00e4den, die von einer solchen dritten Partei verursacht werden, m\u00fcssen direkt der entsprechenden Partei gemeldet werden, die in den meisten F\u00e4llen gegen solche Sch\u00e4den versichert sein wird.<br>(f) Wenn der Mangel oder Schaden auf vors\u00e4tzliche Fehlbehandlung, grobe Fahrl\u00e4ssigkeit oder nachl\u00e4ssige Verwendung und Pflege zur\u00fcckzuf\u00fchren ist.<\/p>\n\n\n\n<p>Sollten Sie Ihre Garantie in Anspruch nehmen wollen und wir diese f\u00fcr g\u00fcltig erachten, werden wir unser Bestes tun, um Ihr Produkt zu reparieren. Ist eine Reparatur Ihres Produkts nicht m\u00f6glich, k\u00f6nnen wir Ihnen, je nach Verf\u00fcgbarkeit, ein Ersatzprodukt anbieten.<\/p>\n\n\n\n<p>Wenn ein von dieser Garantie abgedecktes Ereignis eintritt, wird NORTVI versuchen, Ihr Produkt innerhalb von 30 Tagen nach Erhalt zu reparieren oder zu ersetzen.<br>Die Garantie bleibt auch f\u00fcr das reparierte oder ersetzte Produkt bestehen, die urspr\u00fcngliche Garantiefrist wird jedoch nicht verl\u00e4ngert. NORTVI beh\u00e4lt sich das Recht vor, nach eigenem Ermessen die Anzahl der Ersatzlieferungen im Rahmen dieser Garantie zu begrenzen.<\/p>\n\n\n\n<p>Wenn es etwas gibt, das Sie verbessern m\u00f6chten, oder wenn wir Ihnen bei speziellen W\u00fcnschen oder Anliegen helfen k\u00f6nnen, wenden Sie sich bitte an unseren Kundenservice, der immer f\u00fcr Sie da ist.<\/p>\n\n\n\n<p>Der NORTVI-Kundendienst ist von Montag bis Freitag von 10:00 bis 17:00 Uhr telefonisch erreichbar: +31 85 799 0600 oder per E-Mail: <a href=\"mailto:contact@nortvi.com\">contact@nortvi.com<\/a>. Wir werden unser Bestes tun, um eventuelle Beanstandungen so schnell wie m\u00f6glich zu beheben und daf\u00fcr zu sorgen, dass Sie weiter jederzeit mit unseren Produkten zufrieden sind.<\/p>\n\n\n\n<div style=\"height:207px\" aria-hidden=\"true\" class=\"wp-block-spacer\"><\/div>\n","protected":false},"excerpt":{"rendered":"<p>Unsere Garantie Es ist unsere Aufgabe, Reisegep\u00e4ck zu kreieren, das f\u00fcr ein Leben lang konzipiert ist. Wir verpflichten uns, nur die besten Materialien zu verwenden, damit Sie Ihre Koffer viele Jahre lang nutzen und dabei die h\u00f6chste Qualit\u00e4t erhalten. Unser Reisegep\u00e4ck wird gr\u00fcndlichen Tests unterzogen, um sicherzustellen, dass es unsere umfangreichen Qualit\u00e4tskontrollen besteht. Wir glauben [&hellip;]<\/p>\n","protected":false},"author":1,"featured_media":0,"parent":0,"menu_order":0,"comment_status":"closed","ping_status":"closed","template":"","meta":{"_acf_changed":false,"footnotes":""},"class_list":["post-53923","page","type-page","status-publish","hentry"],"acf":[],"yoast_head":"<!-- This site is optimized with the Yoast SEO Premium plugin v27.1 (Yoast SEO v27.3) - https:\/\/yoast.com\/product\/yoast-seo-premium-wordpress\/ -->\n<title>NORTVI | Lebenslange Garantie | Der beste Koffer<\/title>\n<meta name=\"description\" content=\"Entdecken Sie unsere lebenslange Garantie. Wir designen Reisegep\u00e4ck, das Ihre Erinnerungen mit jeder Reise lebendig h\u00e4lt.\" \/>\n<meta name=\"robots\" content=\"index, follow, max-snippet:-1, max-image-preview:large, max-video-preview:-1\" \/>\n<link rel=\"canonical\" href=\"https:\/\/nortvi.com\/de\/garantie\/\" \/>\n<meta property=\"og:locale\" content=\"de_DE\" \/>\n<meta property=\"og:type\" content=\"article\" \/>\n<meta property=\"og:title\" content=\"Unsere Garantie\" \/>\n<meta property=\"og:description\" content=\"Entdecken Sie unsere lebenslange Garantie. Wir designen Reisegep\u00e4ck, das Ihre Erinnerungen mit jeder Reise lebendig h\u00e4lt.\" \/>\n<meta property=\"og:url\" content=\"https:\/\/nortvi.com\/de\/garantie\/\" \/>\n<meta property=\"og:site_name\" content=\"NORTVI\" \/>\n<meta property=\"article:modified_time\" content=\"2026-03-12T13:19:39+00:00\" \/>\n<meta name=\"twitter:card\" content=\"summary_large_image\" \/>\n<meta name=\"twitter:label1\" content=\"Gesch\u00e4tzte Lesezeit\" \/>\n\t<meta name=\"twitter:data1\" content=\"3\u00a0Minuten\" \/>\n<script type=\"application\/ld+json\" class=\"yoast-schema-graph\">{\"@context\":\"https:\\\/\\\/schema.org\",\"@graph\":[{\"@type\":\"WebPage\",\"@id\":\"https:\\\/\\\/nortvi.com\\\/de\\\/garantie\\\/\",\"url\":\"https:\\\/\\\/nortvi.com\\\/de\\\/garantie\\\/\",\"name\":\"NORTVI | Lebenslange Garantie | Der beste Koffer\",\"isPartOf\":{\"@id\":\"https:\\\/\\\/nortvi.com\\\/de\\\/#website\"},\"datePublished\":\"2020-03-19T14:01:23+00:00\",\"dateModified\":\"2026-03-12T13:19:39+00:00\",\"description\":\"Entdecken Sie unsere lebenslange Garantie. Wir designen Reisegep\u00e4ck, das Ihre Erinnerungen mit jeder Reise lebendig h\u00e4lt.\",\"breadcrumb\":{\"@id\":\"https:\\\/\\\/nortvi.com\\\/de\\\/garantie\\\/#breadcrumb\"},\"inLanguage\":\"de\",\"potentialAction\":[{\"@type\":\"ReadAction\",\"target\":[\"https:\\\/\\\/nortvi.com\\\/de\\\/garantie\\\/\"]}]},{\"@type\":\"BreadcrumbList\",\"@id\":\"https:\\\/\\\/nortvi.com\\\/de\\\/garantie\\\/#breadcrumb\",\"itemListElement\":[{\"@type\":\"ListItem\",\"position\":1,\"name\":\"Home\",\"item\":\"https:\\\/\\\/nortvi.com\\\/de\\\/\"},{\"@type\":\"ListItem\",\"position\":2,\"name\":\"Unsere Garantie\"}]},{\"@type\":\"WebSite\",\"@id\":\"https:\\\/\\\/nortvi.com\\\/de\\\/#website\",\"url\":\"https:\\\/\\\/nortvi.com\\\/de\\\/\",\"name\":\"NORTVI\",\"description\":\"Sustainable travel gear\",\"publisher\":{\"@id\":\"https:\\\/\\\/nortvi.com\\\/de\\\/#organization\"},\"potentialAction\":[{\"@type\":\"SearchAction\",\"target\":{\"@type\":\"EntryPoint\",\"urlTemplate\":\"https:\\\/\\\/nortvi.com\\\/de\\\/?s={search_term_string}\"},\"query-input\":{\"@type\":\"PropertyValueSpecification\",\"valueRequired\":true,\"valueName\":\"search_term_string\"}}],\"inLanguage\":\"de\"},{\"@type\":\"Organization\",\"@id\":\"https:\\\/\\\/nortvi.com\\\/de\\\/#organization\",\"name\":\"NORTVI\",\"url\":\"https:\\\/\\\/nortvi.com\\\/de\\\/\",\"logo\":{\"@type\":\"ImageObject\",\"inLanguage\":\"de\",\"@id\":\"https:\\\/\\\/nortvi.com\\\/de\\\/#\\\/schema\\\/logo\\\/image\\\/\",\"url\":\"https:\\\/\\\/nortvi.com\\\/wp-content\\\/uploads\\\/2023\\\/09\\\/cropped-logo-footer.png\",\"contentUrl\":\"https:\\\/\\\/nortvi.com\\\/wp-content\\\/uploads\\\/2023\\\/09\\\/cropped-logo-footer.png\",\"width\":300,\"height\":46,\"caption\":\"NORTVI\"},\"image\":{\"@id\":\"https:\\\/\\\/nortvi.com\\\/de\\\/#\\\/schema\\\/logo\\\/image\\\/\"},\"sameAs\":[\"https:\\\/\\\/www.instagram.com\\\/nortvi\\\/\"]}]}<\/script>\n<!-- \/ Yoast SEO Premium plugin. -->","yoast_head_json":{"title":"NORTVI | Lebenslange Garantie | Der beste Koffer","description":"Entdecken Sie unsere lebenslange Garantie. Wir designen Reisegep\u00e4ck, das Ihre Erinnerungen mit jeder Reise lebendig h\u00e4lt.","robots":{"index":"index","follow":"follow","max-snippet":"max-snippet:-1","max-image-preview":"max-image-preview:large","max-video-preview":"max-video-preview:-1"},"canonical":"https:\/\/nortvi.com\/de\/garantie\/","og_locale":"de_DE","og_type":"article","og_title":"Unsere Garantie","og_description":"Entdecken Sie unsere lebenslange Garantie. Wir designen Reisegep\u00e4ck, das Ihre Erinnerungen mit jeder Reise lebendig h\u00e4lt.","og_url":"https:\/\/nortvi.com\/de\/garantie\/","og_site_name":"NORTVI","article_modified_time":"2026-03-12T13:19:39+00:00","twitter_card":"summary_large_image","twitter_misc":{"Gesch\u00e4tzte Lesezeit":"3\u00a0Minuten"},"schema":{"@context":"https:\/\/schema.org","@graph":[{"@type":"WebPage","@id":"https:\/\/nortvi.com\/de\/garantie\/","url":"https:\/\/nortvi.com\/de\/garantie\/","name":"NORTVI | Lebenslange Garantie | Der beste Koffer","isPartOf":{"@id":"https:\/\/nortvi.com\/de\/#website"},"datePublished":"2020-03-19T14:01:23+00:00","dateModified":"2026-03-12T13:19:39+00:00","description":"Entdecken Sie unsere lebenslange Garantie. Wir designen Reisegep\u00e4ck, das Ihre Erinnerungen mit jeder Reise lebendig h\u00e4lt.","breadcrumb":{"@id":"https:\/\/nortvi.com\/de\/garantie\/#breadcrumb"},"inLanguage":"de","potentialAction":[{"@type":"ReadAction","target":["https:\/\/nortvi.com\/de\/garantie\/"]}]},{"@type":"BreadcrumbList","@id":"https:\/\/nortvi.com\/de\/garantie\/#breadcrumb","itemListElement":[{"@type":"ListItem","position":1,"name":"Home","item":"https:\/\/nortvi.com\/de\/"},{"@type":"ListItem","position":2,"name":"Unsere Garantie"}]},{"@type":"WebSite","@id":"https:\/\/nortvi.com\/de\/#website","url":"https:\/\/nortvi.com\/de\/","name":"NORTVI","description":"Sustainable travel gear","publisher":{"@id":"https:\/\/nortvi.com\/de\/#organization"},"potentialAction":[{"@type":"SearchAction","target":{"@type":"EntryPoint","urlTemplate":"https:\/\/nortvi.com\/de\/?s={search_term_string}"},"query-input":{"@type":"PropertyValueSpecification","valueRequired":true,"valueName":"search_term_string"}}],"inLanguage":"de"},{"@type":"Organization","@id":"https:\/\/nortvi.com\/de\/#organization","name":"NORTVI","url":"https:\/\/nortvi.com\/de\/","logo":{"@type":"ImageObject","inLanguage":"de","@id":"https:\/\/nortvi.com\/de\/#\/schema\/logo\/image\/","url":"https:\/\/nortvi.com\/wp-content\/uploads\/2023\/09\/cropped-logo-footer.png","contentUrl":"https:\/\/nortvi.com\/wp-content\/uploads\/2023\/09\/cropped-logo-footer.png","width":300,"height":46,"caption":"NORTVI"},"image":{"@id":"https:\/\/nortvi.com\/de\/#\/schema\/logo\/image\/"},"sameAs":["https:\/\/www.instagram.com\/nortvi\/"]}]}},"_links":{"self":[{"href":"https:\/\/nortvi.com\/de\/wp-json\/wp\/v2\/pages\/53923","targetHints":{"allow":["GET"]}}],"collection":[{"href":"https:\/\/nortvi.com\/de\/wp-json\/wp\/v2\/pages"}],"about":[{"href":"https:\/\/nortvi.com\/de\/wp-json\/wp\/v2\/types\/page"}],"author":[{"embeddable":true,"href":"https:\/\/nortvi.com\/de\/wp-json\/wp\/v2\/users\/1"}],"replies":[{"embeddable":true,"href":"https:\/\/nortvi.com\/de\/wp-json\/wp\/v2\/comments?post=53923"}],"version-history":[{"count":0,"href":"https:\/\/nortvi.com\/de\/wp-json\/wp\/v2\/pages\/53923\/revisions"}],"wp:attachment":[{"href":"https:\/\/nortvi.com\/de\/wp-json\/wp\/v2\/media?parent=53923"}],"curies":[{"name":"wp","href":"https:\/\/api.w.org\/{rel}","templated":true}]}}