{"id":52119,"date":"2021-12-17T14:07:52","date_gmt":"2021-12-17T13:07:52","guid":{"rendered":"https:\/\/nortvi-prod.wdc.app\/datenschutzbestimmungen\/"},"modified":"2025-06-11T11:37:35","modified_gmt":"2025-06-11T09:37:35","slug":"datenschutzbestimmungen","status":"publish","type":"page","link":"https:\/\/nortvi.com\/de\/datenschutzbestimmungen\/","title":{"rendered":"Datenschutzbestimmungen"},"content":{"rendered":"\n<p>Nortvi B.V. respektiert die Privatsph\u00e4re seiner Website-Besucher, insbesondere deren Rechte bez\u00fcglich der automatischen Verarbeitung personenbezogener Daten. Aus diesem Grund haben wir eine Politik der vollst\u00e4ndigen Transparenz gegen\u00fcber unseren Kunden hinsichtlich der Verarbeitung personenbezogener Daten, deren Zweck(e) und der M\u00f6glichkeiten zur bestm\u00f6glichen Aus\u00fcbung ihrer gesetzlichen Rechte formuliert und eingef\u00fchrt.<\/p>\n\n\n\n<p>Wenn Sie weitere Informationen \u00fcber den Schutz personenbezogener Daten w\u00fcnschen, besuchen Sie bitte die Website der niederl\u00e4ndischen Datenschutzbeh\u00f6rde (Autoriteit Persoonsgegevens): <a href=\"https:\/\/autoriteitpersoonsgegevens.nl\/nl\" target=\"_blank\" style=\"word-break:break-all;\">https:\/\/autoriteitpersoonsgegevens.nl\/nl.<\/a><\/p>\n\n\n\n<p>Wenn Sie die Verwendung von Cookies und anderen Trackingsystemen nicht akzeptieren, werden wir keine nicht-anonymisierten analytischen Cookies und\/oder Tracking-Cookies auf Ihrem Computer, Mobiltelefon oder Tablet platzieren.<\/p>\n\n\n\n<p>Mit dem weiteren Besuch dieser Website akzeptieren Sie diese Nutzungsbedingungen und stimmen der Verwendung von Cookies und anderen Trackingsystemen zu, es sei denn, wir haben auf unserer Website eine andere Methode zur Zulassung von Cookies vorgesehen.<\/p>\n\n\n\n<p>Die aktuell verf\u00fcgbare Version dieser Datenschutzrichtlinie ist die einzige Version, die beim Besuch unserer Website gilt, bis eine neue Version die aktuelle Version ersetzt.<\/p>\n\n\n\n<p><strong>Artikel 1 Begriffsbestimmungen<\/strong><\/p>\n\n\n\n<p>Die Website (im Folgenden: \u201cWebsite\u201d) www.nortvi.com.<br>Die f\u00fcr die Verarbeitung personenbezogener Daten verantwortliche Stelle (im Folgenden: \u201cder Verantwortliche\u201d): Nortvi B.V., mit Sitz in Singel 370, 1016 AH Amsterdam, Niederlande, Handelskammer-Nummer: 75433486.<\/p>\n\n\n\n<p><strong>Artikel 2 Zugang zur Website<\/strong><\/p>\n\n\n\n<p>Der Zugang zur Website und ihre Nutzung sind streng pers\u00f6nlich. Sie d\u00fcrfen die Daten und Informationen dieser Website nicht f\u00fcr eigene kommerzielle, politische oder Werbezwecke sowie f\u00fcr kommerzielle Angebote, insbesondere unaufgeforderte elektronische Angebote, nutzen.<\/p>\n\n\n\n<p><strong>Artikel 3 Inhalt der Website<\/strong><\/p>\n\n\n\n<p>Alle Marken, Bilder, Texte, Kommentare, Illustrationen (animierte) Bilder, Videobilder, T\u00f6ne und alle technischen Anwendungen, die f\u00fcr den Betrieb dieser Website verwendet werden k\u00f6nnen, sowie ganz allgemein alle auf dieser Website verwendeten Komponenten sind durch die Gesetze \u00fcber geistiges Eigentum gesch\u00fctzt. Jegliche Vervielf\u00e4ltigung, Wiederholung, Verwendung oder Bearbeitung des Ganzen oder eines Teils davon, einschlie\u00dflich der technischen Anwendungen, ist ohne vorherige schriftliche Zustimmung des Verantwortlichen strengstens untersagt. Sollte der Verantwortliche nicht sofort gegen eine Verletzung vorgehen, kann dies weder als stillschweigende Zustimmung noch als Verzicht auf die Verfolgung des Rechtsverletzers ausgelegt werden.<\/p>\n\n\n\n<p><strong>Artikel 4 Verwaltung der Website<\/strong><\/p>\n\n\n\n<p>Zum Zwecke der ordnungsgem\u00e4\u00dfen Verwaltung der Website kann der Verantwortliche jederzeit:<\/p>\n\n\n\n<p>den Zugang zur Website f\u00fcr eine bestimmte Kategorie von Besuchern aussetzen, unterbrechen, einschr\u00e4nken oder verweigern<br>alle Informationen l\u00f6schen, die das Funktionieren der Website st\u00f6ren k\u00f6nnen, gegen nationale oder internationale Gesetze versto\u00dfen oder der Internet-Etikette zuwiderlaufen<br>die Website vor\u00fcbergehend unzug\u00e4nglich machen, um Aktualisierungen vorzunehmen<\/p>\n\n\n\n<p><strong>Artikel 5 Verantwortlichkeiten<\/strong><\/p>\n\n\n\n<p>Der Verantwortliche haftet nicht f\u00fcr Ausf\u00e4lle, St\u00f6rungen, Schwierigkeiten oder Unterbrechungen im Betrieb der Website, die zu einer (vor\u00fcbergehenden) Unzug\u00e4nglichkeit der Website oder einer ihrer Funktionen f\u00fchren. Sie selbst sind f\u00fcr die Art und Weise, wie Sie die Verbindung zu unserer Website herstellen, verantwortlich. Sie m\u00fcssen alle geeigneten Ma\u00dfnahmen ergreifen, um Ihre Ger\u00e4te und Daten vor Gefahren wie Virenangriffen aus dem Internet zu sch\u00fctzen. Dar\u00fcber hinaus sind Sie selbst daf\u00fcr verantwortlich, welche Websites Sie besuchen und welche Informationen Sie suchen.<br>Der Verantwortliche haftet nicht f\u00fcr rechtliche Schritte, die gegen Sie eingeleitet werden:<br>aufgrund der Nutzung der Website oder der \u00fcber das Internet zug\u00e4nglichen Dienste<br>wegen Versto\u00dfes gegen die Bestimmungen dieser Datenschutzbestimmungen<br>Der Verantwortliche haftet nicht f\u00fcr Sch\u00e4den, die Ihnen oder Dritten oder Ihrer Ausr\u00fcstung infolge Ihrer Verbindung mit der Website oder deren Nutzung entstehen, und Sie werden von allen nachfolgenden (rechtlichen) Ma\u00dfnahmen gegen den Verantwortlichen absehen.<br>Wenn der Verantwortliche aufgrund Ihrer (missbr\u00e4uchlichen) Nutzung dieser Website in einen Rechtsstreit verwickelt wird, hat er das Recht, von Ihnen f\u00fcr alle Sch\u00e4den, die er erleidet, Schadensersatz zu erhalten.<\/p>\n\n\n\n<p><strong>Artikel 6 Datenerfassung<\/strong><\/p>\n\n\n\n<p>Ihre personenbezogenen Daten werden von Nortvi B.V. und (einem) externen Verarbeiter(n) erfasst.<br>Personenbezogene Daten sind alle Informationen, die sich auf eine bestimmte oder bestimmbare nat\u00fcrliche Person (&#8220;betroffene Person&#8221;) beziehen.<br>Als bestimmbar wird eine nat\u00fcrliche Person bezeichnet, die direkt oder indirekt identifiziert werden kann, insbesondere durch Zuordnung zu einem Identifikator wie einem Namen, einer Identifikationsnummer, Standortdaten, einem Online-Identifikator oder einem oder mehreren besonderen Faktoren, die spezifisch f\u00fcr die physische, physiologische, genetische, mentale, wirtschaftliche, kulturelle oder soziale Identit\u00e4t dieser nat\u00fcrlichen Person sind.<br>Die pers\u00f6nlichen Daten, die auf der Website erfasst werden, werden vom Datenerfasser haupts\u00e4chlich dazu verwendet, um eine (gesch\u00e4ftliche) Beziehung zu Ihnen zu unterhalten und gegebenenfalls Ihre Bestellungen zu bearbeiten. Sie werden in einem (elektronischen) Register eingetragen.<\/p>\n\n\n\n<p><strong>Artikel 7 Ihre Rechte in Bezug auf Ihre Daten<\/strong><\/p>\n\n\n\n<p>Gem\u00e4\u00df Artikel\u00a013 Absatz\u00a02 Buchstabe\u00a0b der Datenschutz-Grundverordnung (DSGVO) hat jede betroffene Person das Recht auf Auskunft, Berichtigung, L\u00f6schung und Einschr\u00e4nkung der Verarbeitung ihrer personenbezogenen Daten sowie das Recht, der Verarbeitung zu widersprechen und das Recht auf Daten\u00fcbertragbarkeit.<br>Sie k\u00f6nnen diese Rechte aus\u00fcben, indem Sie uns unter contact@nortvi.com kontaktieren.<br>Jedem Antrag muss eine Kopie eines g\u00fcltigen Ausweises beigef\u00fcgt werden, auf dem Sie Ihre Unterschrift leisten und die Adresse angeben, unter der wir Sie erreichen k\u00f6nnen.<br>Innerhalb eines Monats nach Einreichung des Antrags erhalten Sie von uns eine Antwort.<br>Je nach Komplexit\u00e4t und Anzahl der Antr\u00e4ge kann diese Frist auf zwei Monate verl\u00e4ngert werden.<\/p>\n\n\n\n<p><strong>Artikel 8 Gesetzliche Verpflichtungen<\/strong><\/p>\n\n\n\n<p>Im Falle eines Versto\u00dfes gegen ein Gesetz oder eine Vorschrift, dessen ein Besucher verd\u00e4chtigt wird und f\u00fcr den die Beh\u00f6rden die vom Datenerfasser gesammelten personenbezogenen Daten ben\u00f6tigen, werden diese nach einer ausdr\u00fccklichen und begr\u00fcndeten Aufforderung dieser Beh\u00f6rden zur Verf\u00fcgung gestellt, wonach diese personenbezogenen Daten nicht mehr unter den Schutz der Bestimmungen dieser Datenschutzerkl\u00e4rung fallen.<br>Wenn Informationen erforderlich sind, um Zugriff auf bestimmte Funktionen der Website zu erhalten, gibt der Verantwortliche bei der Anforderung dieser Daten an, dass diese Informationen obligatorisch sind.<\/p>\n\n\n\n<p><strong>Artikel 9 Gesammelte Daten und kommerzielle Angebote<\/strong><\/p>\n\n\n\n<p>Sie k\u00f6nnen vom Datenerfasser kommerzielle Angebote erhalten. Wenn Sie diese nicht (mehr) erhalten m\u00f6chten, senden Sie uns bitte eine E-Mail an die folgende Adresse: contact@nortvi.com.<br>Ihre pers\u00f6nlichen Daten werden von unseren Partnern nicht zu kommerziellen Zwecken verwendet.<br>Wenn Sie beim Besuch unserer Website auf personenbezogene Daten anderer Personen sto\u00dfen, d\u00fcrfen Sie diese nicht sammeln oder anderweitig unbefugt verwenden, ebenso ist jede Handlung untersagt, die die Privatsph\u00e4re der betreffenden Person(en) verletzt. Der Datenerfasser ist unter diesen Umst\u00e4nden nicht verantwortlich.<\/p>\n\n\n\n<p><strong>Artikel 10 Datenspeicherung<\/strong><\/p>\n\n\n\n<p>Die erhobenen Daten werden f\u00fcr die gesetzlich festgelegte Dauer verwendet und aufbewahrt.<\/p>\n\n\n\n<p><strong>Artikel 11 Cookies<\/strong><\/p>\n\n\n\n<p>Ein Cookie ist eine kleine Textdatei, die beim Besuch unserer Website auf der Festplatte Ihres elektronischen Ger\u00e4ts abgelegt wird. Ein Cookie enth\u00e4lt Daten, mit denen Sie beim Besuch unserer Website als Besucher erkannt werden k\u00f6nnen. Es erm\u00f6glicht uns, uns auf Ihre Bed\u00fcrfnisse einzustellen und erleichtert Ihnen das Einloggen auf unserer Website. Wenn Sie unsere Website besuchen, informieren wir Sie \u00fcber die Verwendung von Cookies. Durch die weitere Nutzung unserer Website erkl\u00e4ren Sie sich mit deren Verwendung einverstanden, sofern wir nicht auf anderem Wege um Erlaubnis bitten. Ihre Zustimmung gilt f\u00fcr einen Zeitraum von dreizehn Monaten.<br>Wir verwenden die folgenden Arten von Cookies auf unserer Website:<br>\u2013 Funktionale Cookies: wie Sitzungs- und Anmeldecookies zur Erfassung von Sitzungs- und Anmeldeinformationen.<\/p>\n\n\n\n<p>\u2013 Nicht anonymisierte analytische Cookies: um Informationen \u00fcber die Besuche auf unserer Website zu erhalten, wie die Anzahl der Besucher, beliebte Seiten und Themen. Auf diese Weise k\u00f6nnen wir unsere Kommunikation und Informationen an die Bed\u00fcrfnisse unserer Besucher anpassen.<\/p>\n\n\n\n<p>\u2013 Tracking-Cookies: wie Werbe-Cookies, die relevante Werbung anzeigen sollen. Durch die Verwendung dieser Cookies k\u00f6nnen wir auf Ihre pers\u00f6nlichen Interessen schlie\u00dfen. So k\u00f6nnen (andere) Organisationen Ihnen gezielte Werbung zeigen, wenn Sie ihre Website besuchen. Tracking-Cookies erm\u00f6glichen die Erstellung von Profilen und die unterschiedliche Behandlung von Personengruppen bei der Ausrichtung von Werbung. Tracking-Cookies verarbeiten in der Regel personenbezogene Daten.<\/p>\n\n\n\n<p>Im Einzelnen verwenden wir die folgenden Cookies auf unserer Website:<br>\u2013 Google Analytics (analytisches Cookie)<br>\u2013 Facebook (Tracking-Cookie)<br>\u2013 Google Adwords (Tracking-Cookie)<br>\u2013 Klaviyo<br>\u2013 Google Tag Manager<\/p>\n\n\n\n<p>Wenn Sie unsere Website besuchen, k\u00f6nnen Cookies vom Verantwortlichen und\/oder von Dritten auf Ihren Ger\u00e4ten installiert werden.<br>Weitere Informationen \u00fcber die Verwendung, Verwaltung und L\u00f6schung von Cookies f\u00fcr jedes elektronische Ger\u00e4t finden Sie unter folgendem Link: <a href=\"https:\/\/autoriteitpersoonsgegevens.nl\/nl\/onderwerpen\/internet-telefoon-tv-en-post\/cookies#faq\" target=\"_blank\" style=\"word-break:break-all;\">https:\/\/autoriteitpersoonsgegevens.nl\/nl\/onderwerpen\/internet-telefoon-tv-en-post\/cookies#faq<\/a><\/p>\n\n\n\n<p><strong>Artikel 12 Bildmaterial und angebotene Produkte<\/strong><\/p>\n\n\n\n<p>Aus dem Bildmaterial zu den auf der Website angebotenen Produkten k\u00f6nnen keine Rechte abgeleitet werden.<\/p>\n\n\n\n<p><strong>Artikel 13 Anwendbares Recht<\/strong><\/p>\n\n\n\n<p>Diese Bedingungen unterliegen niederl\u00e4ndischem Recht. F\u00fcr alle Streitigkeiten bez\u00fcglich dieser Bedingungen ist ausschlie\u00dflich das Gericht des Bezirks zust\u00e4ndig, in dem der Datenerfasser seinen Gesch\u00e4ftssitz hat, es sei denn, es liegt eine rechtliche Ausnahme vor.<\/p>\n\n\n\n<p><strong>Artikel 14 Kontakt<\/strong><\/p>\n\n\n\n<p>F\u00fcr Fragen, Produktinformationen oder Informationen \u00fcber die Website selbst, wenden Sie sich bitte an: Abteilung Datenschutz unter contact@nortvi.com.<\/p>\n\n\n\n<p><\/p>\n","protected":false},"excerpt":{"rendered":"<p>Nortvi B.V. respektiert die Privatsph\u00e4re seiner Website-Besucher, insbesondere deren Rechte bez\u00fcglich der automatischen Verarbeitung personenbezogener Daten. Aus diesem Grund haben wir eine Politik der vollst\u00e4ndigen Transparenz gegen\u00fcber unseren Kunden hinsichtlich der Verarbeitung personenbezogener Daten, deren Zweck(e) und der M\u00f6glichkeiten zur bestm\u00f6glichen Aus\u00fcbung ihrer gesetzlichen Rechte formuliert und eingef\u00fchrt. Wenn Sie weitere Informationen \u00fcber den Schutz [&hellip;]<\/p>\n","protected":false},"author":1,"featured_media":0,"parent":0,"menu_order":0,"comment_status":"closed","ping_status":"closed","template":"page-text.php","meta":{"_acf_changed":false,"footnotes":""},"class_list":["post-52119","page","type-page","status-publish","hentry"],"acf":[],"yoast_head":"<!-- This site is optimized with the Yoast SEO Premium plugin v27.1 (Yoast SEO v27.3) - https:\/\/yoast.com\/product\/yoast-seo-premium-wordpress\/ -->\n<title>Datenschutzrichtlinie | Sehen Sie sich unsere Bedingungen an<\/title>\n<meta name=\"description\" content=\"In unserer Datenschutzerkl\u00e4rung erfahren Sie, wie NORTVI Ihre pers\u00f6nlichen Daten sch\u00fctzt und welche Ma\u00dfnahmen wir zum Schutz Ihrer Privatsph\u00e4re ergreifen.\" \/>\n<meta name=\"robots\" content=\"index, follow, max-snippet:-1, max-image-preview:large, max-video-preview:-1\" \/>\n<link rel=\"canonical\" href=\"https:\/\/nortvi.com\/de\/datenschutzbestimmungen\/\" \/>\n<meta property=\"og:locale\" content=\"de_DE\" \/>\n<meta property=\"og:type\" content=\"article\" \/>\n<meta property=\"og:title\" content=\"Datenschutzbestimmungen\" \/>\n<meta property=\"og:description\" content=\"In unserer Datenschutzerkl\u00e4rung erfahren Sie, wie NORTVI Ihre pers\u00f6nlichen Daten sch\u00fctzt und welche Ma\u00dfnahmen wir zum Schutz Ihrer Privatsph\u00e4re ergreifen.\" \/>\n<meta property=\"og:url\" content=\"https:\/\/nortvi.com\/de\/datenschutzbestimmungen\/\" \/>\n<meta property=\"og:site_name\" content=\"NORTVI\" \/>\n<meta property=\"article:modified_time\" content=\"2025-06-11T09:37:35+00:00\" \/>\n<meta name=\"twitter:card\" content=\"summary_large_image\" \/>\n<meta name=\"twitter:label1\" content=\"Gesch\u00e4tzte Lesezeit\" \/>\n\t<meta name=\"twitter:data1\" content=\"6\u00a0Minuten\" \/>\n<script type=\"application\/ld+json\" class=\"yoast-schema-graph\">{\"@context\":\"https:\\\/\\\/schema.org\",\"@graph\":[{\"@type\":\"WebPage\",\"@id\":\"https:\\\/\\\/nortvi.com\\\/de\\\/datenschutzbestimmungen\\\/\",\"url\":\"https:\\\/\\\/nortvi.com\\\/de\\\/datenschutzbestimmungen\\\/\",\"name\":\"Datenschutzrichtlinie | Sehen Sie sich unsere Bedingungen an\",\"isPartOf\":{\"@id\":\"https:\\\/\\\/nortvi.com\\\/de\\\/#website\"},\"datePublished\":\"2021-12-17T13:07:52+00:00\",\"dateModified\":\"2025-06-11T09:37:35+00:00\",\"description\":\"In unserer Datenschutzerkl\u00e4rung erfahren Sie, wie NORTVI Ihre pers\u00f6nlichen Daten sch\u00fctzt und welche Ma\u00dfnahmen wir zum Schutz Ihrer Privatsph\u00e4re ergreifen.\",\"breadcrumb\":{\"@id\":\"https:\\\/\\\/nortvi.com\\\/de\\\/datenschutzbestimmungen\\\/#breadcrumb\"},\"inLanguage\":\"de\",\"potentialAction\":[{\"@type\":\"ReadAction\",\"target\":[\"https:\\\/\\\/nortvi.com\\\/de\\\/datenschutzbestimmungen\\\/\"]}]},{\"@type\":\"BreadcrumbList\",\"@id\":\"https:\\\/\\\/nortvi.com\\\/de\\\/datenschutzbestimmungen\\\/#breadcrumb\",\"itemListElement\":[{\"@type\":\"ListItem\",\"position\":1,\"name\":\"Home\",\"item\":\"https:\\\/\\\/nortvi.com\\\/de\\\/\"},{\"@type\":\"ListItem\",\"position\":2,\"name\":\"Datenschutzbestimmungen\"}]},{\"@type\":\"WebSite\",\"@id\":\"https:\\\/\\\/nortvi.com\\\/de\\\/#website\",\"url\":\"https:\\\/\\\/nortvi.com\\\/de\\\/\",\"name\":\"NORTVI\",\"description\":\"Sustainable travel gear\",\"publisher\":{\"@id\":\"https:\\\/\\\/nortvi.com\\\/de\\\/#organization\"},\"potentialAction\":[{\"@type\":\"SearchAction\",\"target\":{\"@type\":\"EntryPoint\",\"urlTemplate\":\"https:\\\/\\\/nortvi.com\\\/de\\\/?s={search_term_string}\"},\"query-input\":{\"@type\":\"PropertyValueSpecification\",\"valueRequired\":true,\"valueName\":\"search_term_string\"}}],\"inLanguage\":\"de\"},{\"@type\":\"Organization\",\"@id\":\"https:\\\/\\\/nortvi.com\\\/de\\\/#organization\",\"name\":\"NORTVI\",\"url\":\"https:\\\/\\\/nortvi.com\\\/de\\\/\",\"logo\":{\"@type\":\"ImageObject\",\"inLanguage\":\"de\",\"@id\":\"https:\\\/\\\/nortvi.com\\\/de\\\/#\\\/schema\\\/logo\\\/image\\\/\",\"url\":\"https:\\\/\\\/nortvi.com\\\/wp-content\\\/uploads\\\/2023\\\/09\\\/cropped-logo-footer.png\",\"contentUrl\":\"https:\\\/\\\/nortvi.com\\\/wp-content\\\/uploads\\\/2023\\\/09\\\/cropped-logo-footer.png\",\"width\":300,\"height\":46,\"caption\":\"NORTVI\"},\"image\":{\"@id\":\"https:\\\/\\\/nortvi.com\\\/de\\\/#\\\/schema\\\/logo\\\/image\\\/\"},\"sameAs\":[\"https:\\\/\\\/www.instagram.com\\\/nortvi\\\/\"]}]}<\/script>\n<!-- \/ Yoast SEO Premium plugin. -->","yoast_head_json":{"title":"Datenschutzrichtlinie | Sehen Sie sich unsere Bedingungen an","description":"In unserer Datenschutzerkl\u00e4rung erfahren Sie, wie NORTVI Ihre pers\u00f6nlichen Daten sch\u00fctzt und welche Ma\u00dfnahmen wir zum Schutz Ihrer Privatsph\u00e4re ergreifen.","robots":{"index":"index","follow":"follow","max-snippet":"max-snippet:-1","max-image-preview":"max-image-preview:large","max-video-preview":"max-video-preview:-1"},"canonical":"https:\/\/nortvi.com\/de\/datenschutzbestimmungen\/","og_locale":"de_DE","og_type":"article","og_title":"Datenschutzbestimmungen","og_description":"In unserer Datenschutzerkl\u00e4rung erfahren Sie, wie NORTVI Ihre pers\u00f6nlichen Daten sch\u00fctzt und welche Ma\u00dfnahmen wir zum Schutz Ihrer Privatsph\u00e4re ergreifen.","og_url":"https:\/\/nortvi.com\/de\/datenschutzbestimmungen\/","og_site_name":"NORTVI","article_modified_time":"2025-06-11T09:37:35+00:00","twitter_card":"summary_large_image","twitter_misc":{"Gesch\u00e4tzte Lesezeit":"6\u00a0Minuten"},"schema":{"@context":"https:\/\/schema.org","@graph":[{"@type":"WebPage","@id":"https:\/\/nortvi.com\/de\/datenschutzbestimmungen\/","url":"https:\/\/nortvi.com\/de\/datenschutzbestimmungen\/","name":"Datenschutzrichtlinie | Sehen Sie sich unsere Bedingungen an","isPartOf":{"@id":"https:\/\/nortvi.com\/de\/#website"},"datePublished":"2021-12-17T13:07:52+00:00","dateModified":"2025-06-11T09:37:35+00:00","description":"In unserer Datenschutzerkl\u00e4rung erfahren Sie, wie NORTVI Ihre pers\u00f6nlichen Daten sch\u00fctzt und welche Ma\u00dfnahmen wir zum Schutz Ihrer Privatsph\u00e4re ergreifen.","breadcrumb":{"@id":"https:\/\/nortvi.com\/de\/datenschutzbestimmungen\/#breadcrumb"},"inLanguage":"de","potentialAction":[{"@type":"ReadAction","target":["https:\/\/nortvi.com\/de\/datenschutzbestimmungen\/"]}]},{"@type":"BreadcrumbList","@id":"https:\/\/nortvi.com\/de\/datenschutzbestimmungen\/#breadcrumb","itemListElement":[{"@type":"ListItem","position":1,"name":"Home","item":"https:\/\/nortvi.com\/de\/"},{"@type":"ListItem","position":2,"name":"Datenschutzbestimmungen"}]},{"@type":"WebSite","@id":"https:\/\/nortvi.com\/de\/#website","url":"https:\/\/nortvi.com\/de\/","name":"NORTVI","description":"Sustainable travel gear","publisher":{"@id":"https:\/\/nortvi.com\/de\/#organization"},"potentialAction":[{"@type":"SearchAction","target":{"@type":"EntryPoint","urlTemplate":"https:\/\/nortvi.com\/de\/?s={search_term_string}"},"query-input":{"@type":"PropertyValueSpecification","valueRequired":true,"valueName":"search_term_string"}}],"inLanguage":"de"},{"@type":"Organization","@id":"https:\/\/nortvi.com\/de\/#organization","name":"NORTVI","url":"https:\/\/nortvi.com\/de\/","logo":{"@type":"ImageObject","inLanguage":"de","@id":"https:\/\/nortvi.com\/de\/#\/schema\/logo\/image\/","url":"https:\/\/nortvi.com\/wp-content\/uploads\/2023\/09\/cropped-logo-footer.png","contentUrl":"https:\/\/nortvi.com\/wp-content\/uploads\/2023\/09\/cropped-logo-footer.png","width":300,"height":46,"caption":"NORTVI"},"image":{"@id":"https:\/\/nortvi.com\/de\/#\/schema\/logo\/image\/"},"sameAs":["https:\/\/www.instagram.com\/nortvi\/"]}]}},"_links":{"self":[{"href":"https:\/\/nortvi.com\/de\/wp-json\/wp\/v2\/pages\/52119","targetHints":{"allow":["GET"]}}],"collection":[{"href":"https:\/\/nortvi.com\/de\/wp-json\/wp\/v2\/pages"}],"about":[{"href":"https:\/\/nortvi.com\/de\/wp-json\/wp\/v2\/types\/page"}],"author":[{"embeddable":true,"href":"https:\/\/nortvi.com\/de\/wp-json\/wp\/v2\/users\/1"}],"replies":[{"embeddable":true,"href":"https:\/\/nortvi.com\/de\/wp-json\/wp\/v2\/comments?post=52119"}],"version-history":[{"count":0,"href":"https:\/\/nortvi.com\/de\/wp-json\/wp\/v2\/pages\/52119\/revisions"}],"wp:attachment":[{"href":"https:\/\/nortvi.com\/de\/wp-json\/wp\/v2\/media?parent=52119"}],"curies":[{"name":"wp","href":"https:\/\/api.w.org\/{rel}","templated":true}]}}