{"id":52110,"date":"2021-12-17T12:58:31","date_gmt":"2021-12-17T11:58:31","guid":{"rendered":"https:\/\/nortvi-prod.wdc.app\/presse\/"},"modified":"2025-10-29T13:39:58","modified_gmt":"2025-10-29T12:39:58","slug":"presse","status":"publish","type":"page","link":"https:\/\/nortvi.com\/de\/presse\/","title":{"rendered":"Presse"},"content":{"rendered":"\n\n\n<div class=\"wp-block-columns reverse-mobile is-layout-flex wp-container-core-columns-is-layout-9d6595d7 wp-block-columns-is-layout-flex\">\n<div class=\"wp-block-column is-layout-flow wp-block-column-is-layout-flow\">\n<h2 class=\"wp-block-heading\" id=\"h-presseanfragen\">Presseanfragen<\/h2>\n\n\n\n<p><\/p>\n\n\n\n<p>Wenn Sie mehr \u00fcber die Marke NORTVI erfahren m\u00f6chten, mit uns zusammenarbeiten oder einige unserer Bilder verwenden m\u00f6chten, k\u00f6nnen Sie uns gerne kontaktieren. Wir freuen uns darauf, mit Ihnen zu sprechen und Ihnen unsere Vision von der Zukunft des bewussten Reisens zu vermitteln.<\/p>\n\n\n\n<p>Sie sind immer willkommen.<\/p>\n<\/div>\n\n\n\n<div class=\"wp-block-column is-layout-flow wp-block-column-is-layout-flow\" style=\"flex-basis:93px\"><\/div>\n\n\n\n<div class=\"wp-block-column is-layout-flow wp-block-column-is-layout-flow\"><\/div>\n<\/div>\n\n\n\n<p><\/p>\n","protected":false},"excerpt":{"rendered":"<p>Presseanfragen Wenn Sie mehr \u00fcber die Marke NORTVI erfahren m\u00f6chten, mit uns zusammenarbeiten oder einige unserer Bilder verwenden m\u00f6chten, k\u00f6nnen Sie uns gerne kontaktieren. Wir freuen uns darauf, mit Ihnen zu sprechen und Ihnen unsere Vision von der Zukunft des bewussten Reisens zu vermitteln. Sie sind immer willkommen.<\/p>\n","protected":false},"author":1,"featured_media":0,"parent":0,"menu_order":0,"comment_status":"closed","ping_status":"closed","template":"","meta":{"_acf_changed":false,"footnotes":""},"class_list":["post-52110","page","type-page","status-publish","hentry"],"acf":[],"yoast_head":"<!-- This site is optimized with the Yoast SEO Premium plugin v27.1 (Yoast SEO v27.3) - https:\/\/yoast.com\/product\/yoast-seo-premium-wordpress\/ -->\n<title>Zusammenarbeiten &amp; Presse | Nehmen Sie Kontakt mit uns auf<\/title>\n<meta name=\"description\" content=\"Lesen Sie die neuesten NORTVI-Presseberichte und entdecken Sie unsere Kooperationsm\u00f6glichkeiten sowie Informationen zur Zusammenarbeit mit uns.\" \/>\n<meta name=\"robots\" content=\"index, follow, max-snippet:-1, max-image-preview:large, max-video-preview:-1\" \/>\n<link rel=\"canonical\" href=\"https:\/\/nortvi.com\/de\/presse\/\" \/>\n<meta property=\"og:locale\" content=\"de_DE\" \/>\n<meta property=\"og:type\" content=\"article\" \/>\n<meta property=\"og:title\" content=\"Presse\" \/>\n<meta property=\"og:description\" content=\"Lesen Sie die neuesten NORTVI-Presseberichte und entdecken Sie unsere Kooperationsm\u00f6glichkeiten sowie Informationen zur Zusammenarbeit mit uns.\" \/>\n<meta property=\"og:url\" content=\"https:\/\/nortvi.com\/de\/presse\/\" \/>\n<meta property=\"og:site_name\" content=\"NORTVI\" \/>\n<meta property=\"article:modified_time\" content=\"2025-10-29T12:39:58+00:00\" \/>\n<meta name=\"twitter:card\" content=\"summary_large_image\" \/>\n<meta name=\"twitter:label1\" content=\"Gesch\u00e4tzte Lesezeit\" \/>\n\t<meta name=\"twitter:data1\" content=\"1\u00a0Minute\" \/>\n<script type=\"application\/ld+json\" class=\"yoast-schema-graph\">{\"@context\":\"https:\\\/\\\/schema.org\",\"@graph\":[{\"@type\":\"WebPage\",\"@id\":\"https:\\\/\\\/nortvi.com\\\/de\\\/presse\\\/\",\"url\":\"https:\\\/\\\/nortvi.com\\\/de\\\/presse\\\/\",\"name\":\"Zusammenarbeiten & Presse | Nehmen Sie Kontakt mit uns auf\",\"isPartOf\":{\"@id\":\"https:\\\/\\\/nortvi.com\\\/de\\\/#website\"},\"datePublished\":\"2021-12-17T11:58:31+00:00\",\"dateModified\":\"2025-10-29T12:39:58+00:00\",\"description\":\"Lesen Sie die neuesten NORTVI-Presseberichte und entdecken Sie unsere Kooperationsm\u00f6glichkeiten sowie Informationen zur Zusammenarbeit mit uns.\",\"breadcrumb\":{\"@id\":\"https:\\\/\\\/nortvi.com\\\/de\\\/presse\\\/#breadcrumb\"},\"inLanguage\":\"de\",\"potentialAction\":[{\"@type\":\"ReadAction\",\"target\":[\"https:\\\/\\\/nortvi.com\\\/de\\\/presse\\\/\"]}]},{\"@type\":\"BreadcrumbList\",\"@id\":\"https:\\\/\\\/nortvi.com\\\/de\\\/presse\\\/#breadcrumb\",\"itemListElement\":[{\"@type\":\"ListItem\",\"position\":1,\"name\":\"Home\",\"item\":\"https:\\\/\\\/nortvi.com\\\/de\\\/\"},{\"@type\":\"ListItem\",\"position\":2,\"name\":\"Presse\"}]},{\"@type\":\"WebSite\",\"@id\":\"https:\\\/\\\/nortvi.com\\\/de\\\/#website\",\"url\":\"https:\\\/\\\/nortvi.com\\\/de\\\/\",\"name\":\"NORTVI\",\"description\":\"Sustainable travel gear\",\"publisher\":{\"@id\":\"https:\\\/\\\/nortvi.com\\\/de\\\/#organization\"},\"potentialAction\":[{\"@type\":\"SearchAction\",\"target\":{\"@type\":\"EntryPoint\",\"urlTemplate\":\"https:\\\/\\\/nortvi.com\\\/de\\\/?s={search_term_string}\"},\"query-input\":{\"@type\":\"PropertyValueSpecification\",\"valueRequired\":true,\"valueName\":\"search_term_string\"}}],\"inLanguage\":\"de\"},{\"@type\":\"Organization\",\"@id\":\"https:\\\/\\\/nortvi.com\\\/de\\\/#organization\",\"name\":\"NORTVI\",\"url\":\"https:\\\/\\\/nortvi.com\\\/de\\\/\",\"logo\":{\"@type\":\"ImageObject\",\"inLanguage\":\"de\",\"@id\":\"https:\\\/\\\/nortvi.com\\\/de\\\/#\\\/schema\\\/logo\\\/image\\\/\",\"url\":\"https:\\\/\\\/nortvi.com\\\/wp-content\\\/uploads\\\/2023\\\/09\\\/cropped-logo-footer.png\",\"contentUrl\":\"https:\\\/\\\/nortvi.com\\\/wp-content\\\/uploads\\\/2023\\\/09\\\/cropped-logo-footer.png\",\"width\":300,\"height\":46,\"caption\":\"NORTVI\"},\"image\":{\"@id\":\"https:\\\/\\\/nortvi.com\\\/de\\\/#\\\/schema\\\/logo\\\/image\\\/\"},\"sameAs\":[\"https:\\\/\\\/www.instagram.com\\\/nortvi\\\/\"]}]}<\/script>\n<!-- \/ Yoast SEO Premium plugin. -->","yoast_head_json":{"title":"Zusammenarbeiten & Presse | Nehmen Sie Kontakt mit uns auf","description":"Lesen Sie die neuesten NORTVI-Presseberichte und entdecken Sie unsere Kooperationsm\u00f6glichkeiten sowie Informationen zur Zusammenarbeit mit uns.","robots":{"index":"index","follow":"follow","max-snippet":"max-snippet:-1","max-image-preview":"max-image-preview:large","max-video-preview":"max-video-preview:-1"},"canonical":"https:\/\/nortvi.com\/de\/presse\/","og_locale":"de_DE","og_type":"article","og_title":"Presse","og_description":"Lesen Sie die neuesten NORTVI-Presseberichte und entdecken Sie unsere Kooperationsm\u00f6glichkeiten sowie Informationen zur Zusammenarbeit mit uns.","og_url":"https:\/\/nortvi.com\/de\/presse\/","og_site_name":"NORTVI","article_modified_time":"2025-10-29T12:39:58+00:00","twitter_card":"summary_large_image","twitter_misc":{"Gesch\u00e4tzte Lesezeit":"1\u00a0Minute"},"schema":{"@context":"https:\/\/schema.org","@graph":[{"@type":"WebPage","@id":"https:\/\/nortvi.com\/de\/presse\/","url":"https:\/\/nortvi.com\/de\/presse\/","name":"Zusammenarbeiten & Presse | Nehmen Sie Kontakt mit uns auf","isPartOf":{"@id":"https:\/\/nortvi.com\/de\/#website"},"datePublished":"2021-12-17T11:58:31+00:00","dateModified":"2025-10-29T12:39:58+00:00","description":"Lesen Sie die neuesten NORTVI-Presseberichte und entdecken Sie unsere Kooperationsm\u00f6glichkeiten sowie Informationen zur Zusammenarbeit mit uns.","breadcrumb":{"@id":"https:\/\/nortvi.com\/de\/presse\/#breadcrumb"},"inLanguage":"de","potentialAction":[{"@type":"ReadAction","target":["https:\/\/nortvi.com\/de\/presse\/"]}]},{"@type":"BreadcrumbList","@id":"https:\/\/nortvi.com\/de\/presse\/#breadcrumb","itemListElement":[{"@type":"ListItem","position":1,"name":"Home","item":"https:\/\/nortvi.com\/de\/"},{"@type":"ListItem","position":2,"name":"Presse"}]},{"@type":"WebSite","@id":"https:\/\/nortvi.com\/de\/#website","url":"https:\/\/nortvi.com\/de\/","name":"NORTVI","description":"Sustainable travel gear","publisher":{"@id":"https:\/\/nortvi.com\/de\/#organization"},"potentialAction":[{"@type":"SearchAction","target":{"@type":"EntryPoint","urlTemplate":"https:\/\/nortvi.com\/de\/?s={search_term_string}"},"query-input":{"@type":"PropertyValueSpecification","valueRequired":true,"valueName":"search_term_string"}}],"inLanguage":"de"},{"@type":"Organization","@id":"https:\/\/nortvi.com\/de\/#organization","name":"NORTVI","url":"https:\/\/nortvi.com\/de\/","logo":{"@type":"ImageObject","inLanguage":"de","@id":"https:\/\/nortvi.com\/de\/#\/schema\/logo\/image\/","url":"https:\/\/nortvi.com\/wp-content\/uploads\/2023\/09\/cropped-logo-footer.png","contentUrl":"https:\/\/nortvi.com\/wp-content\/uploads\/2023\/09\/cropped-logo-footer.png","width":300,"height":46,"caption":"NORTVI"},"image":{"@id":"https:\/\/nortvi.com\/de\/#\/schema\/logo\/image\/"},"sameAs":["https:\/\/www.instagram.com\/nortvi\/"]}]}},"_links":{"self":[{"href":"https:\/\/nortvi.com\/de\/wp-json\/wp\/v2\/pages\/52110","targetHints":{"allow":["GET"]}}],"collection":[{"href":"https:\/\/nortvi.com\/de\/wp-json\/wp\/v2\/pages"}],"about":[{"href":"https:\/\/nortvi.com\/de\/wp-json\/wp\/v2\/types\/page"}],"author":[{"embeddable":true,"href":"https:\/\/nortvi.com\/de\/wp-json\/wp\/v2\/users\/1"}],"replies":[{"embeddable":true,"href":"https:\/\/nortvi.com\/de\/wp-json\/wp\/v2\/comments?post=52110"}],"version-history":[{"count":0,"href":"https:\/\/nortvi.com\/de\/wp-json\/wp\/v2\/pages\/52110\/revisions"}],"wp:attachment":[{"href":"https:\/\/nortvi.com\/de\/wp-json\/wp\/v2\/media?parent=52110"}],"curies":[{"name":"wp","href":"https:\/\/api.w.org\/{rel}","templated":true}]}}