{"id":307758,"date":"2024-08-14T16:14:44","date_gmt":"2024-08-14T14:14:44","guid":{"rendered":"https:\/\/nortvi.com\/imprint\/"},"modified":"2025-10-29T13:38:31","modified_gmt":"2025-10-29T12:38:31","slug":"imprint-de","status":"publish","type":"page","link":"https:\/\/nortvi.com\/de\/imprint-de\/","title":{"rendered":"Imprint"},"content":{"rendered":"\n<p>NORTVI B.V.<\/p>\n\n\n\n<p>Singel 370<\/p>\n\n\n\n<p>1016 AH Amsterdam<\/p>\n\n\n\n<p>Niederlande<\/p>\n\n\n\n<p><br>Gesch\u00e4ftsf\u00fchrer: Marijn van Roij, Sebastiaan van Dam, Max van Dam <\/p>\n\n\n\n<p>Telefon: +31 85 799 0600<\/p>\n\n\n\n<p>E-Mail: <a href=\"mailto:contact@nortvi.com\">contact@nortvi.com<\/a><\/p>\n\n\n\n<p>Umsatzsteueridentifikationsnummer: NL860281644B01<\/p>\n\n\n\n<p>Handelsregister: KvK 75433486, Amsterdam, Niederlande<br><br><\/p>\n\n\n\n<p><strong>Website <\/strong><\/p>\n\n\n\n<p>Die Informationen auf dieser Website wurden nach bestem Wissen erstellt. Als Dienstanbieter k\u00f6nnen wir erst ab dem Zeitpunkt der Kenntnisnahme einer konkreten Rechtsverletzung f\u00fcr Inhalte Dritter haftbar gemacht werden. Wir behalten uns das Recht vor, Teile des Inhalts zu \u00e4ndern oder zu entfernen, sofern vertragliche Verpflichtungen unber\u00fchrt bleiben.  <\/p>\n\n\n\n<p><strong>Haftung f\u00fcr Links<\/strong><\/p>\n\n\n\n<p>Die Inhalte externer Websites, die auf unserer Plattform verlinkt sind, ob direkt oder indirekt \u00fcber Hyperlinks oder Deep Links, liegen au\u00dferhalb unseres Einflussbereichs und spiegeln nicht unsere Ansichten wider. Zum Zeitpunkt der Verlinkung konnten auf den verlinkten Websites keine rechtswidrigen Inhalte festgestellt werden. Da wir keinen Einfluss auf die aktuelle oder zuk\u00fcnftige Gestaltung dieser verlinkten Seiten haben, distanzieren wir uns ausdr\u00fccklich von allen Inhalten, die nach der Setzung der Links ver\u00e4ndert wurden. Die Verantwortung f\u00fcr alle Inhalte und insbesondere f\u00fcr Sch\u00e4den, die aus der Nutzung der auf den verlinkten Seiten zug\u00e4nglichen Informationen entstehen, liegt allein beim Anbieter der jeweiligen Seite. Sollten wir Kenntnis von illegalen, fehlerhaften oder unrichtigen Inhalten auf den von uns verlinkten Websites erhalten, werden wir den Link umgehend entfernen.    <\/p>\n\n\n\n<p><strong>Urheberrecht <\/strong><\/p>\n\n\n\n<p>Alle Marken, Bilder, Texte, Kommentare, Illustrationen, (animierte) Bilder, Videoaufnahmen, T\u00f6ne und alle technischen Anwendungen, die auf dieser Website verwendet werden, sind durch die Gesetze zum geistigen Eigentum gesch\u00fctzt. Jegliche Reproduktion, Wiederholung, Nutzung oder \u00c4nderung, in welcher Form auch immer, von allem oder nur einem Teil davon, einschlie\u00dflich technischer Anwendungen, ohne unsere vorherige schriftliche Genehmigung, ist nicht gestattet. <\/p>\n\n\n\n<p><strong>Datenschutz und Datenerfassung<\/strong><\/p>\n\n\n\n<p>Wir sch\u00e4tzen Ihr Interesse an unserem Unternehmen und unserer Website. Der Schutz Ihrer pers\u00f6nlichen Daten w\u00e4hrend der Erhebung, Verarbeitung und Nutzung bei Ihrem Besuch auf unserer Homepage ist f\u00fcr uns von gr\u00f6\u00dfter Bedeutung. Ihre Daten werden in \u00dcbereinstimmung mit den geltenden Datenschutzgesetzen behandelt. In unserer Datenschutzerkl\u00e4rung finden Sie alle Details zu den Arten von Daten, die w\u00e4hrend Ihres Besuchs auf unserer Website erfasst werden, und wie diese genutzt werden: <a href=\"https:\/\/nortvi.com\/de\/datenschutzbestimmungen\/\">https:\/\/nortvi.com\/de\/datenschutzbestimmungen\/<\/a>   <\/p>\n\n\n\n<p><strong>Online-Streitbeilegung<\/strong><\/p>\n\n\n\n<p>In \u00dcbereinstimmung mit Artikel 14, Absatz 1 der ODR-Verordnung bietet die Europ\u00e4ische Kommission eine Plattform f\u00fcr die Online-Streitbeilegung (OS) unter http:\/\/ec.europa.eu\/consumers\/odr\/ an. Wir sind jedoch nicht verpflichtet, an einem Streitbeilegungsverfahren teilzunehmen.<\/p>\n","protected":false},"excerpt":{"rendered":"<p>NORTVI B.V. Singel 370 1016 AH Amsterdam Niederlande Gesch\u00e4ftsf\u00fchrer: Marijn van Roij, Sebastiaan van Dam, Max van Dam Telefon: +31 85 799 0600 E-Mail: contact@nortvi.com Umsatzsteueridentifikationsnummer: NL860281644B01 Handelsregister: KvK 75433486, Amsterdam, Niederlande Website Die Informationen auf dieser Website wurden nach bestem Wissen erstellt. Als Dienstanbieter k\u00f6nnen wir erst ab dem Zeitpunkt der Kenntnisnahme einer konkreten [&hellip;]<\/p>\n","protected":false},"author":26,"featured_media":0,"parent":0,"menu_order":0,"comment_status":"closed","ping_status":"closed","template":"page-text.php","meta":{"_acf_changed":false,"footnotes":""},"class_list":["post-307758","page","type-page","status-publish","hentry"],"acf":[],"yoast_head":"<!-- This site is optimized with the Yoast SEO Premium plugin v27.1 (Yoast SEO v27.3) - https:\/\/yoast.com\/product\/yoast-seo-premium-wordpress\/ -->\n<title>Imprint - NORTVI<\/title>\n<meta name=\"robots\" content=\"index, follow, max-snippet:-1, max-image-preview:large, max-video-preview:-1\" \/>\n<link rel=\"canonical\" href=\"https:\/\/nortvi.com\/de\/imprint-de\/\" \/>\n<meta property=\"og:locale\" content=\"de_DE\" \/>\n<meta property=\"og:type\" content=\"article\" \/>\n<meta property=\"og:title\" content=\"Imprint\" \/>\n<meta property=\"og:description\" content=\"NORTVI B.V. Singel 370 1016 AH Amsterdam Niederlande Gesch\u00e4ftsf\u00fchrer: Marijn van Roij, Sebastiaan van Dam, Max van Dam Telefon: +31 85 799 0600 E-Mail: contact@nortvi.com Umsatzsteueridentifikationsnummer: NL860281644B01 Handelsregister: KvK 75433486, Amsterdam, Niederlande Website Die Informationen auf dieser Website wurden nach bestem Wissen erstellt. Als Dienstanbieter k\u00f6nnen wir erst ab dem Zeitpunkt der Kenntnisnahme einer konkreten [&hellip;]\" \/>\n<meta property=\"og:url\" content=\"https:\/\/nortvi.com\/de\/imprint-de\/\" \/>\n<meta property=\"og:site_name\" content=\"NORTVI\" \/>\n<meta property=\"article:modified_time\" content=\"2025-10-29T12:38:31+00:00\" \/>\n<meta name=\"twitter:card\" content=\"summary_large_image\" \/>\n<meta name=\"twitter:label1\" content=\"Gesch\u00e4tzte Lesezeit\" \/>\n\t<meta name=\"twitter:data1\" content=\"2\u00a0Minuten\" \/>\n<script type=\"application\/ld+json\" class=\"yoast-schema-graph\">{\"@context\":\"https:\\\/\\\/schema.org\",\"@graph\":[{\"@type\":\"WebPage\",\"@id\":\"https:\\\/\\\/nortvi.com\\\/de\\\/imprint-de\\\/\",\"url\":\"https:\\\/\\\/nortvi.com\\\/de\\\/imprint-de\\\/\",\"name\":\"Imprint - NORTVI\",\"isPartOf\":{\"@id\":\"https:\\\/\\\/nortvi.com\\\/de\\\/#website\"},\"datePublished\":\"2024-08-14T14:14:44+00:00\",\"dateModified\":\"2025-10-29T12:38:31+00:00\",\"breadcrumb\":{\"@id\":\"https:\\\/\\\/nortvi.com\\\/de\\\/imprint-de\\\/#breadcrumb\"},\"inLanguage\":\"de\",\"potentialAction\":[{\"@type\":\"ReadAction\",\"target\":[\"https:\\\/\\\/nortvi.com\\\/de\\\/imprint-de\\\/\"]}]},{\"@type\":\"BreadcrumbList\",\"@id\":\"https:\\\/\\\/nortvi.com\\\/de\\\/imprint-de\\\/#breadcrumb\",\"itemListElement\":[{\"@type\":\"ListItem\",\"position\":1,\"name\":\"Home\",\"item\":\"https:\\\/\\\/nortvi.com\\\/de\\\/\"},{\"@type\":\"ListItem\",\"position\":2,\"name\":\"Imprint\"}]},{\"@type\":\"WebSite\",\"@id\":\"https:\\\/\\\/nortvi.com\\\/de\\\/#website\",\"url\":\"https:\\\/\\\/nortvi.com\\\/de\\\/\",\"name\":\"NORTVI\",\"description\":\"Sustainable travel gear\",\"publisher\":{\"@id\":\"https:\\\/\\\/nortvi.com\\\/de\\\/#organization\"},\"potentialAction\":[{\"@type\":\"SearchAction\",\"target\":{\"@type\":\"EntryPoint\",\"urlTemplate\":\"https:\\\/\\\/nortvi.com\\\/de\\\/?s={search_term_string}\"},\"query-input\":{\"@type\":\"PropertyValueSpecification\",\"valueRequired\":true,\"valueName\":\"search_term_string\"}}],\"inLanguage\":\"de\"},{\"@type\":\"Organization\",\"@id\":\"https:\\\/\\\/nortvi.com\\\/de\\\/#organization\",\"name\":\"NORTVI\",\"url\":\"https:\\\/\\\/nortvi.com\\\/de\\\/\",\"logo\":{\"@type\":\"ImageObject\",\"inLanguage\":\"de\",\"@id\":\"https:\\\/\\\/nortvi.com\\\/de\\\/#\\\/schema\\\/logo\\\/image\\\/\",\"url\":\"https:\\\/\\\/nortvi.com\\\/wp-content\\\/uploads\\\/2023\\\/09\\\/cropped-logo-footer.png\",\"contentUrl\":\"https:\\\/\\\/nortvi.com\\\/wp-content\\\/uploads\\\/2023\\\/09\\\/cropped-logo-footer.png\",\"width\":300,\"height\":46,\"caption\":\"NORTVI\"},\"image\":{\"@id\":\"https:\\\/\\\/nortvi.com\\\/de\\\/#\\\/schema\\\/logo\\\/image\\\/\"},\"sameAs\":[\"https:\\\/\\\/www.instagram.com\\\/nortvi\\\/\"]}]}<\/script>\n<!-- \/ Yoast SEO Premium plugin. -->","yoast_head_json":{"title":"Imprint - NORTVI","robots":{"index":"index","follow":"follow","max-snippet":"max-snippet:-1","max-image-preview":"max-image-preview:large","max-video-preview":"max-video-preview:-1"},"canonical":"https:\/\/nortvi.com\/de\/imprint-de\/","og_locale":"de_DE","og_type":"article","og_title":"Imprint","og_description":"NORTVI B.V. Singel 370 1016 AH Amsterdam Niederlande Gesch\u00e4ftsf\u00fchrer: Marijn van Roij, Sebastiaan van Dam, Max van Dam Telefon: +31 85 799 0600 E-Mail: contact@nortvi.com Umsatzsteueridentifikationsnummer: NL860281644B01 Handelsregister: KvK 75433486, Amsterdam, Niederlande Website Die Informationen auf dieser Website wurden nach bestem Wissen erstellt. Als Dienstanbieter k\u00f6nnen wir erst ab dem Zeitpunkt der Kenntnisnahme einer konkreten [&hellip;]","og_url":"https:\/\/nortvi.com\/de\/imprint-de\/","og_site_name":"NORTVI","article_modified_time":"2025-10-29T12:38:31+00:00","twitter_card":"summary_large_image","twitter_misc":{"Gesch\u00e4tzte Lesezeit":"2\u00a0Minuten"},"schema":{"@context":"https:\/\/schema.org","@graph":[{"@type":"WebPage","@id":"https:\/\/nortvi.com\/de\/imprint-de\/","url":"https:\/\/nortvi.com\/de\/imprint-de\/","name":"Imprint - NORTVI","isPartOf":{"@id":"https:\/\/nortvi.com\/de\/#website"},"datePublished":"2024-08-14T14:14:44+00:00","dateModified":"2025-10-29T12:38:31+00:00","breadcrumb":{"@id":"https:\/\/nortvi.com\/de\/imprint-de\/#breadcrumb"},"inLanguage":"de","potentialAction":[{"@type":"ReadAction","target":["https:\/\/nortvi.com\/de\/imprint-de\/"]}]},{"@type":"BreadcrumbList","@id":"https:\/\/nortvi.com\/de\/imprint-de\/#breadcrumb","itemListElement":[{"@type":"ListItem","position":1,"name":"Home","item":"https:\/\/nortvi.com\/de\/"},{"@type":"ListItem","position":2,"name":"Imprint"}]},{"@type":"WebSite","@id":"https:\/\/nortvi.com\/de\/#website","url":"https:\/\/nortvi.com\/de\/","name":"NORTVI","description":"Sustainable travel gear","publisher":{"@id":"https:\/\/nortvi.com\/de\/#organization"},"potentialAction":[{"@type":"SearchAction","target":{"@type":"EntryPoint","urlTemplate":"https:\/\/nortvi.com\/de\/?s={search_term_string}"},"query-input":{"@type":"PropertyValueSpecification","valueRequired":true,"valueName":"search_term_string"}}],"inLanguage":"de"},{"@type":"Organization","@id":"https:\/\/nortvi.com\/de\/#organization","name":"NORTVI","url":"https:\/\/nortvi.com\/de\/","logo":{"@type":"ImageObject","inLanguage":"de","@id":"https:\/\/nortvi.com\/de\/#\/schema\/logo\/image\/","url":"https:\/\/nortvi.com\/wp-content\/uploads\/2023\/09\/cropped-logo-footer.png","contentUrl":"https:\/\/nortvi.com\/wp-content\/uploads\/2023\/09\/cropped-logo-footer.png","width":300,"height":46,"caption":"NORTVI"},"image":{"@id":"https:\/\/nortvi.com\/de\/#\/schema\/logo\/image\/"},"sameAs":["https:\/\/www.instagram.com\/nortvi\/"]}]}},"_links":{"self":[{"href":"https:\/\/nortvi.com\/de\/wp-json\/wp\/v2\/pages\/307758","targetHints":{"allow":["GET"]}}],"collection":[{"href":"https:\/\/nortvi.com\/de\/wp-json\/wp\/v2\/pages"}],"about":[{"href":"https:\/\/nortvi.com\/de\/wp-json\/wp\/v2\/types\/page"}],"author":[{"embeddable":true,"href":"https:\/\/nortvi.com\/de\/wp-json\/wp\/v2\/users\/26"}],"replies":[{"embeddable":true,"href":"https:\/\/nortvi.com\/de\/wp-json\/wp\/v2\/comments?post=307758"}],"version-history":[{"count":0,"href":"https:\/\/nortvi.com\/de\/wp-json\/wp\/v2\/pages\/307758\/revisions"}],"wp:attachment":[{"href":"https:\/\/nortvi.com\/de\/wp-json\/wp\/v2\/media?parent=307758"}],"curies":[{"name":"wp","href":"https:\/\/api.w.org\/{rel}","templated":true}]}}